{"id":1259,"date":"2024-06-10T12:31:20","date_gmt":"2024-06-10T18:31:20","guid":{"rendered":"https:\/\/chuzkashop.com\/?post_type=product&#038;p=1259"},"modified":"2024-09-12T12:40:34","modified_gmt":"2024-09-12T18:40:34","slug":"jeans-levanta-cola-6626","status":"publish","type":"product","link":"https:\/\/chuzkashop.com\/en\/product\/jeans-levanta-cola-6626\/","title":{"rendered":"Butt Lifting Jeans 6626"},"content":{"rendered":"<p>Skinny boot jean, with five buttons, high rise, in blue, made in indigo, without back pockets, has the best comfort and shape to highlight your figure.<\/p>\n<p>-Abdominal control<br \/>\n-Lift your glutes<br \/>\n-100% made in Colombia<\/p>\n<p><strong>Benefits:<\/strong> It is designed to lift your buttocks, highlight your curves and shape your legs to give it a sexy touch.<\/p>","protected":false},"excerpt":{"rendered":"<p>Jean bota skinny, de cinco botones tiro alto, en color azul, elaborado en \u00edndigo, sin bolsillos traseros, cuenta con el mejor confort y horma para resaltar tu figura. -Control de abdomen -Levanta los gl\u00fateos -100% hecho en Colombia Beneficios: Est\u00e1 dise\u00f1ado para levantar tus gl\u00fateos, resaltar tus curvas y moldea tus piernas para darle un [&hellip;]<\/p>","protected":false},"featured_media":1260,"comment_status":"open","ping_status":"closed","template":"","meta":{"_acf_changed":false},"product_brand":[],"product_cat":[42],"product_tag":[],"class_list":{"0":"post-1259","1":"product","2":"type-product","3":"status-publish","4":"has-post-thumbnail","6":"product_cat-jean-skinny-sin-bolsillos-levanta-cola","7":"pa_size-34","8":"pa_size-30","9":"pa_size-31","10":"pa_size-35","11":"pa_size-36","12":"pa_size-37","14":"first","15":"instock","16":"shipping-taxable","17":"purchasable","18":"product-type-variable"},"acf":[],"_links":{"self":[{"href":"https:\/\/chuzkashop.com\/en\/wp-json\/wp\/v2\/product\/1259","targetHints":{"allow":["GET"]}}],"collection":[{"href":"https:\/\/chuzkashop.com\/en\/wp-json\/wp\/v2\/product"}],"about":[{"href":"https:\/\/chuzkashop.com\/en\/wp-json\/wp\/v2\/types\/product"}],"replies":[{"embeddable":true,"href":"https:\/\/chuzkashop.com\/en\/wp-json\/wp\/v2\/comments?post=1259"}],"wp:featuredmedia":[{"embeddable":true,"href":"https:\/\/chuzkashop.com\/en\/wp-json\/wp\/v2\/media\/1260"}],"wp:attachment":[{"href":"https:\/\/chuzkashop.com\/en\/wp-json\/wp\/v2\/media?parent=1259"}],"wp:term":[{"taxonomy":"product_brand","embeddable":true,"href":"https:\/\/chuzkashop.com\/en\/wp-json\/wp\/v2\/product_brand?post=1259"},{"taxonomy":"product_cat","embeddable":true,"href":"https:\/\/chuzkashop.com\/en\/wp-json\/wp\/v2\/product_cat?post=1259"},{"taxonomy":"product_tag","embeddable":true,"href":"https:\/\/chuzkashop.com\/en\/wp-json\/wp\/v2\/product_tag?post=1259"}],"curies":[{"name":"wp","href":"https:\/\/api.w.org\/{rel}","templated":true}]}}