{"id":283,"date":"2024-04-19T16:01:29","date_gmt":"2024-04-19T22:01:29","guid":{"rendered":"https:\/\/chuzkashop.com\/?post_type=product&#038;p=283"},"modified":"2024-09-12T13:18:02","modified_gmt":"2024-09-12T19:18:02","slug":"jeans-levanta-cola-6557","status":"publish","type":"product","link":"https:\/\/chuzkashop.com\/en\/product\/jeans-levanta-cola-6557\/","title":{"rendered":"Butt Lifter Jeans 6557"},"content":{"rendered":"<p>Skinny bootcut jeans with a wide, three-button waistband, high rise, tummy control, in dark blue, made in indigo, without back pockets and with basic appliqu\u00e9s. They offer the best comfort and shape to highlight your figure.<\/p>\n<p>-Abdominal control<br \/>\n-Lift your glutes<br \/>\n-100% made in Colombia<\/p>\n<p><strong>Benefits:<\/strong> It is designed to lift your buttocks, highlight your curves and shape your legs to give it a sexy touch.<\/p>","protected":false},"excerpt":{"rendered":"<p>Jean bota skinny, con pretina ancha de tres botones, tiro alto, control abdomen, en color azul oscuro, elaborado en \u00edndigo, sin bolsillos traseros y con apliques b\u00e1sicos. Cuenta con el mejor confort y horma para resaltar tu figura. -Control de abdomen -Levanta los gl\u00fateos -100% hecho en Colombia Beneficios: Est\u00e1 dise\u00f1ado para levantar tus gl\u00fateos, [&hellip;]<\/p>","protected":false},"featured_media":2311,"comment_status":"open","ping_status":"closed","template":"","meta":{"_acf_changed":false},"product_brand":[],"product_cat":[42],"product_tag":[],"class_list":{"0":"post-283","1":"product","2":"type-product","3":"status-publish","4":"has-post-thumbnail","6":"product_cat-jean-skinny-sin-bolsillos-levanta-cola","7":"pa_size-34","8":"pa_size-30","9":"pa_size-31","10":"pa_size-35","11":"pa_size-36","12":"pa_size-37","14":"first","15":"instock","16":"shipping-taxable","17":"purchasable","18":"product-type-variable"},"acf":[],"_links":{"self":[{"href":"https:\/\/chuzkashop.com\/en\/wp-json\/wp\/v2\/product\/283","targetHints":{"allow":["GET"]}}],"collection":[{"href":"https:\/\/chuzkashop.com\/en\/wp-json\/wp\/v2\/product"}],"about":[{"href":"https:\/\/chuzkashop.com\/en\/wp-json\/wp\/v2\/types\/product"}],"replies":[{"embeddable":true,"href":"https:\/\/chuzkashop.com\/en\/wp-json\/wp\/v2\/comments?post=283"}],"wp:featuredmedia":[{"embeddable":true,"href":"https:\/\/chuzkashop.com\/en\/wp-json\/wp\/v2\/media\/2311"}],"wp:attachment":[{"href":"https:\/\/chuzkashop.com\/en\/wp-json\/wp\/v2\/media?parent=283"}],"wp:term":[{"taxonomy":"product_brand","embeddable":true,"href":"https:\/\/chuzkashop.com\/en\/wp-json\/wp\/v2\/product_brand?post=283"},{"taxonomy":"product_cat","embeddable":true,"href":"https:\/\/chuzkashop.com\/en\/wp-json\/wp\/v2\/product_cat?post=283"},{"taxonomy":"product_tag","embeddable":true,"href":"https:\/\/chuzkashop.com\/en\/wp-json\/wp\/v2\/product_tag?post=283"}],"curies":[{"name":"wp","href":"https:\/\/api.w.org\/{rel}","templated":true}]}}