{"id":289,"date":"2024-04-19T16:04:02","date_gmt":"2024-04-19T22:04:02","guid":{"rendered":"https:\/\/chuzkashop.com\/?post_type=product&#038;p=289"},"modified":"2024-09-12T13:14:54","modified_gmt":"2024-09-12T19:14:54","slug":"jeans-levanta-cola-6707","status":"publish","type":"product","link":"https:\/\/chuzkashop.com\/en\/product\/jeans-levanta-cola-6707\/","title":{"rendered":"Butt Lifter Jeans 6707"},"content":{"rendered":"<p>Skinny boot jean, with a wide waistband, four buttons, high rise, in light blue, made in indigo, without back pockets, with the best fit to highlight your figure.<\/p>\n<p>-Abdominal control<br \/>\n-Lift your glutes<br \/>\n-100% made in Colombia<\/p>\n<p><strong>Benefits:<\/strong> It is designed to lift your buttocks, highlight your curves and shape your legs to give it a sexy touch.<\/p>","protected":false},"excerpt":{"rendered":"<p>Jean bota skinny, con pretina ancha, de cuatro botones, tiro alto, en color azul claro, elaborado en \u00edndigo, sin bolsillos traseros, con la mejor horma para resaltar tu figura. -Control de abdomen -Levanta los gl\u00fateos -100% hecho en Colombia Beneficios: Est\u00e1 dise\u00f1ado para levantar tus gl\u00fateos, resaltar tus curvas y moldea tus piernas para darle [&hellip;]<\/p>","protected":false},"featured_media":1079,"comment_status":"open","ping_status":"closed","template":"","meta":{"_acf_changed":false},"product_brand":[],"product_cat":[42],"product_tag":[],"class_list":{"0":"post-289","1":"product","2":"type-product","3":"status-publish","4":"has-post-thumbnail","6":"product_cat-jean-skinny-sin-bolsillos-levanta-cola","7":"pa_size-34","8":"pa_size-30","9":"pa_size-31","10":"pa_size-35","11":"pa_size-36","12":"pa_size-37","14":"first","15":"instock","16":"shipping-taxable","17":"purchasable","18":"product-type-variable"},"acf":[],"_links":{"self":[{"href":"https:\/\/chuzkashop.com\/en\/wp-json\/wp\/v2\/product\/289","targetHints":{"allow":["GET"]}}],"collection":[{"href":"https:\/\/chuzkashop.com\/en\/wp-json\/wp\/v2\/product"}],"about":[{"href":"https:\/\/chuzkashop.com\/en\/wp-json\/wp\/v2\/types\/product"}],"replies":[{"embeddable":true,"href":"https:\/\/chuzkashop.com\/en\/wp-json\/wp\/v2\/comments?post=289"}],"wp:featuredmedia":[{"embeddable":true,"href":"https:\/\/chuzkashop.com\/en\/wp-json\/wp\/v2\/media\/1079"}],"wp:attachment":[{"href":"https:\/\/chuzkashop.com\/en\/wp-json\/wp\/v2\/media?parent=289"}],"wp:term":[{"taxonomy":"product_brand","embeddable":true,"href":"https:\/\/chuzkashop.com\/en\/wp-json\/wp\/v2\/product_brand?post=289"},{"taxonomy":"product_cat","embeddable":true,"href":"https:\/\/chuzkashop.com\/en\/wp-json\/wp\/v2\/product_cat?post=289"},{"taxonomy":"product_tag","embeddable":true,"href":"https:\/\/chuzkashop.com\/en\/wp-json\/wp\/v2\/product_tag?post=289"}],"curies":[{"name":"wp","href":"https:\/\/api.w.org\/{rel}","templated":true}]}}