{"id":291,"date":"2024-04-19T16:11:08","date_gmt":"2024-04-19T22:11:08","guid":{"rendered":"https:\/\/chuzkashop.com\/?post_type=product&#038;p=291"},"modified":"2024-09-12T13:14:21","modified_gmt":"2024-09-12T19:14:21","slug":"jeans-levanta-cola-6750","status":"publish","type":"product","link":"https:\/\/chuzkashop.com\/en\/product\/jeans-levanta-cola-6750\/","title":{"rendered":"Butt Lifting Jeans 6750"},"content":{"rendered":"<p>Wide leg jean with one button, mid-rise in indigo blue, with back pockets and decorative appliqu\u00e9s. It has the best comfort and shape to highlight your figure.<\/p>\n<p>-Lift your glutes<br \/>\n-100% made in Colombia<\/p>\n<p><strong>Benefits:<\/strong> It is designed to lift your buttocks, highlight your curves and shape your legs to give it a sexy touch.<\/p>","protected":false},"excerpt":{"rendered":"<p>Jean bota ancha, con un bot\u00f3n, tiro medio en color azul, elaborado en \u00edndigo, con bolsillos traseros y con apliques decorativos. Cuenta con el mejor confort y horma para resaltar tu figura. -Levanta los gl\u00fateos -100% hecho en Colombia Beneficios: Est\u00e1 dise\u00f1ado para levantar tus gl\u00fateos, resaltar tus curvas y moldea tus piernas para darle [&hellip;]<\/p>","protected":false},"featured_media":988,"comment_status":"open","ping_status":"closed","template":"","meta":{"_acf_changed":false},"product_brand":[],"product_cat":[43],"product_tag":[],"class_list":{"0":"post-291","1":"product","2":"type-product","3":"status-publish","4":"has-post-thumbnail","6":"product_cat-jean-bota-ancha-con-bolsillos-levanta-cola","7":"pa_size-34","8":"pa_size-30","9":"pa_size-31","10":"pa_size-35","11":"pa_size-36","12":"pa_size-37","14":"first","15":"instock","16":"shipping-taxable","17":"purchasable","18":"product-type-variable"},"acf":[],"_links":{"self":[{"href":"https:\/\/chuzkashop.com\/en\/wp-json\/wp\/v2\/product\/291","targetHints":{"allow":["GET"]}}],"collection":[{"href":"https:\/\/chuzkashop.com\/en\/wp-json\/wp\/v2\/product"}],"about":[{"href":"https:\/\/chuzkashop.com\/en\/wp-json\/wp\/v2\/types\/product"}],"replies":[{"embeddable":true,"href":"https:\/\/chuzkashop.com\/en\/wp-json\/wp\/v2\/comments?post=291"}],"wp:featuredmedia":[{"embeddable":true,"href":"https:\/\/chuzkashop.com\/en\/wp-json\/wp\/v2\/media\/988"}],"wp:attachment":[{"href":"https:\/\/chuzkashop.com\/en\/wp-json\/wp\/v2\/media?parent=291"}],"wp:term":[{"taxonomy":"product_brand","embeddable":true,"href":"https:\/\/chuzkashop.com\/en\/wp-json\/wp\/v2\/product_brand?post=291"},{"taxonomy":"product_cat","embeddable":true,"href":"https:\/\/chuzkashop.com\/en\/wp-json\/wp\/v2\/product_cat?post=291"},{"taxonomy":"product_tag","embeddable":true,"href":"https:\/\/chuzkashop.com\/en\/wp-json\/wp\/v2\/product_tag?post=291"}],"curies":[{"name":"wp","href":"https:\/\/api.w.org\/{rel}","templated":true}]}}