{"id":295,"date":"2024-04-19T16:15:16","date_gmt":"2024-04-19T22:15:16","guid":{"rendered":"https:\/\/chuzkashop.com\/?post_type=product&#038;p=295"},"modified":"2024-09-12T13:13:34","modified_gmt":"2024-09-12T19:13:34","slug":"jeans-levanta-cola-6737","status":"publish","type":"product","link":"https:\/\/chuzkashop.com\/en\/product\/jeans-levanta-cola-6737\/","title":{"rendered":"Butt Lifter Jeans 6737"},"content":{"rendered":"<p>Flared bootcut jeans with a slim, one-button waistband, mid-rise, in black, made in indigo leather effect. With back pockets. They offer the best comfort and shape to highlight your figure.<\/p>\n<p><strong>Benefits:<\/strong> It is designed to lift your buttocks, highlight your curves and shape your legs to give it a sexy touch.<\/p>","protected":false},"excerpt":{"rendered":"<p>Jean bota campana, con pretina delgada de un bot\u00f3n, tiro medio, en color negro, elaborado en \u00edndigo efecto cuero. Con bolsillos traseros. Cuenta con el mejor confort y horma para resaltar tu figura. Beneficios: Est\u00e1 dise\u00f1ado para levantar tus gl\u00fateos, resaltar tus curvas y moldea tus piernas para darle un toque sexi.<\/p>","protected":false},"featured_media":2292,"comment_status":"open","ping_status":"closed","template":"","meta":{"_acf_changed":false},"product_brand":[],"product_cat":[43],"product_tag":[],"class_list":{"0":"post-295","1":"product","2":"type-product","3":"status-publish","4":"has-post-thumbnail","6":"product_cat-jean-bota-ancha-con-bolsillos-levanta-cola","7":"pa_size-34","8":"pa_size-30","9":"pa_size-31","10":"pa_size-35","11":"pa_size-36","12":"pa_size-37","14":"first","15":"instock","16":"shipping-taxable","17":"purchasable","18":"product-type-variable"},"acf":[],"_links":{"self":[{"href":"https:\/\/chuzkashop.com\/en\/wp-json\/wp\/v2\/product\/295","targetHints":{"allow":["GET"]}}],"collection":[{"href":"https:\/\/chuzkashop.com\/en\/wp-json\/wp\/v2\/product"}],"about":[{"href":"https:\/\/chuzkashop.com\/en\/wp-json\/wp\/v2\/types\/product"}],"replies":[{"embeddable":true,"href":"https:\/\/chuzkashop.com\/en\/wp-json\/wp\/v2\/comments?post=295"}],"wp:featuredmedia":[{"embeddable":true,"href":"https:\/\/chuzkashop.com\/en\/wp-json\/wp\/v2\/media\/2292"}],"wp:attachment":[{"href":"https:\/\/chuzkashop.com\/en\/wp-json\/wp\/v2\/media?parent=295"}],"wp:term":[{"taxonomy":"product_brand","embeddable":true,"href":"https:\/\/chuzkashop.com\/en\/wp-json\/wp\/v2\/product_brand?post=295"},{"taxonomy":"product_cat","embeddable":true,"href":"https:\/\/chuzkashop.com\/en\/wp-json\/wp\/v2\/product_cat?post=295"},{"taxonomy":"product_tag","embeddable":true,"href":"https:\/\/chuzkashop.com\/en\/wp-json\/wp\/v2\/product_tag?post=295"}],"curies":[{"name":"wp","href":"https:\/\/api.w.org\/{rel}","templated":true}]}}