{"id":297,"date":"2024-04-19T16:16:00","date_gmt":"2024-04-19T22:16:00","guid":{"rendered":"https:\/\/chuzkashop.com\/?post_type=product&#038;p=297"},"modified":"2024-09-12T13:13:04","modified_gmt":"2024-09-12T19:13:04","slug":"jeans-levanta-cola-6639","status":"publish","type":"product","link":"https:\/\/chuzkashop.com\/en\/product\/jeans-levanta-cola-6639\/","title":{"rendered":"Butt Lifter Jeans 6639"},"content":{"rendered":"<p>Bell-bottom jean with zipper and high waist, in black, made in indigo, with back pockets and has the best comfort to always look and feel comfortable.<\/p>\n<p>-Wide waistband<br \/>\n-Abdominal control<br \/>\n-Lift your glutes<br \/>\n-100% made in Colombia<\/p>\n<p><strong>Benefits:<\/strong> It is designed to lift your buttocks, highlight your curves and shape your legs to give it a sexy touch.<\/p>","protected":false},"excerpt":{"rendered":"<p>Jean bota campana, con cierre y tiro alto, en color negro, elaborado en \u00edndigo, con bolsillos traseros y cuenta con el mejor confort para lucir y sentirte siempre c\u00f3moda. -Pretina ancha -Control de abdomen -Levanta los gl\u00fateos -100% hecho en Colombia Beneficios: Est\u00e1 dise\u00f1ado para levantar tus gl\u00fateos, resaltar tus curvas y moldea tus piernas [&hellip;]<\/p>","protected":false},"featured_media":2300,"comment_status":"open","ping_status":"closed","template":"","meta":{"_acf_changed":false},"product_brand":[],"product_cat":[43],"product_tag":[],"class_list":{"0":"post-297","1":"product","2":"type-product","3":"status-publish","4":"has-post-thumbnail","6":"product_cat-jean-bota-ancha-con-bolsillos-levanta-cola","7":"pa_size-34","8":"pa_size-30","9":"pa_size-31","10":"pa_size-35","11":"pa_size-36","12":"pa_size-37","14":"first","15":"instock","16":"shipping-taxable","17":"purchasable","18":"product-type-variable"},"acf":[],"_links":{"self":[{"href":"https:\/\/chuzkashop.com\/en\/wp-json\/wp\/v2\/product\/297","targetHints":{"allow":["GET"]}}],"collection":[{"href":"https:\/\/chuzkashop.com\/en\/wp-json\/wp\/v2\/product"}],"about":[{"href":"https:\/\/chuzkashop.com\/en\/wp-json\/wp\/v2\/types\/product"}],"replies":[{"embeddable":true,"href":"https:\/\/chuzkashop.com\/en\/wp-json\/wp\/v2\/comments?post=297"}],"wp:featuredmedia":[{"embeddable":true,"href":"https:\/\/chuzkashop.com\/en\/wp-json\/wp\/v2\/media\/2300"}],"wp:attachment":[{"href":"https:\/\/chuzkashop.com\/en\/wp-json\/wp\/v2\/media?parent=297"}],"wp:term":[{"taxonomy":"product_brand","embeddable":true,"href":"https:\/\/chuzkashop.com\/en\/wp-json\/wp\/v2\/product_brand?post=297"},{"taxonomy":"product_cat","embeddable":true,"href":"https:\/\/chuzkashop.com\/en\/wp-json\/wp\/v2\/product_cat?post=297"},{"taxonomy":"product_tag","embeddable":true,"href":"https:\/\/chuzkashop.com\/en\/wp-json\/wp\/v2\/product_tag?post=297"}],"curies":[{"name":"wp","href":"https:\/\/api.w.org\/{rel}","templated":true}]}}