{"id":3810,"date":"2025-12-23T01:09:45","date_gmt":"2025-12-23T07:09:45","guid":{"rendered":"https:\/\/chuzkashop.com\/?post_type=product&#038;p=3810"},"modified":"2026-04-17T12:43:40","modified_gmt":"2026-04-17T18:43:40","slug":"cinturilla-corset-strapless-de-alto-control-con-broches-cierre-invisible-y-varillas","status":"publish","type":"product","link":"https:\/\/chuzkashop.com\/en\/product\/cinturilla-corset-strapless-de-alto-control-con-broches-cierre-invisible-y-varillas\/","title":{"rendered":"Cinturilla corset strapless de alto control con broches, cierre invisible y varillas"},"content":{"rendered":"<div class=\"vtex-rich-text-0-x-container vtex-rich-text-0-x-container--disclosure-Title1 flex tl items-start justify-start t-body c-on-base\">\n<div class=\"vtex-rich-text-0-x-wrapper vtex-rich-text-0-x-wrapper--disclosure-Title1\">\n<h4><em><strong><b>Referencia: 11387<\/b><\/strong><\/em><\/h4>\n<h2><strong>Detalles del Producto<\/strong><\/h2>\n<p><span style=\"font-weight: 400;\">Faja postquir\u00fargica, postparto y uso diario con soporte de alto cubrimiento ideal para moldear y dar compresi\u00f3n uniforme. Incluye brasier con copas completas y un orificio que facilita la lactancia. Su dise\u00f1o con powernet externo ofrece compresi\u00f3n y lycra interna brinda beneficios para la piel, ayudando a una recuperaci\u00f3n efectiva.<\/span><\/p>\n<p><span style=\"font-weight: 400;\">Esta faja moldeadora cuenta con cremalleras laterales y broches internos que aseguran un ajuste c\u00f3modo y una desinflamaci\u00f3n equilibrada. Incluye cierre perineal para mayor facilidad de uso, mangas en lycra suave con propiedades hidratantes Viveltex, y refuerzo doble en la zona abdominal para un control firme y definici\u00f3n del cuerpo.<\/span><\/p>\n<h3><strong>Beneficios<\/strong><\/h3>\n<table>\n<tbody>\n<tr>\n<td>\n<ul>\n<li style=\"font-weight: 400;\" aria-level=\"1\"><span style=\"font-weight: 400;\">Forro interno en toda la prenda con componentes Viveltex.<\/span><\/li>\n<li style=\"font-weight: 400;\" aria-level=\"1\"><span style=\"font-weight: 400;\">El color cocoa genera un efecto \u00f3ptico para que no se marque con la ropa.<\/span><\/li>\n<li style=\"font-weight: 400;\" aria-level=\"1\"><span style=\"font-weight: 400;\">Cremallera lateral con broches internos brinda un ajuste perfecto y ayuda a la desinflamaci\u00f3n uniforme.<\/span><\/li>\n<li style=\"font-weight: 400;\" aria-level=\"1\"><span style=\"font-weight: 400;\">Estiliza los gl\u00fateos y resalta las curvas y la cintura con su cola fit 360.<\/span><\/li>\n<li style=\"font-weight: 400;\" aria-level=\"1\"><span style=\"font-weight: 400;\">Doble refuerzo abdominal para controlar y definir tu abdomen.<\/span><\/li>\n<li style=\"font-weight: 400;\" aria-level=\"1\"><span style=\"font-weight: 400;\">Costuras planas o invisibles que no maltratan la piel.<\/span><\/li>\n<li style=\"font-weight: 400;\" aria-level=\"1\"><span style=\"font-weight: 400;\">El\u00e1stico superior que ayuda a la correcta sujeci\u00f3n en torso.<\/span><\/li>\n<li style=\"font-weight: 400;\" aria-level=\"1\"><span style=\"font-weight: 400;\">Brasier separado del torso por medio de broches, que permite la asepsia luego de una cirug\u00eda est\u00e9tica y facilita la lactancia.<\/span><\/li>\n<li style=\"font-weight: 400;\" aria-level=\"1\"><span style=\"font-weight: 400;\">Cierre perineal para total comodidad.<\/span><\/li>\n<li style=\"font-weight: 400;\" aria-level=\"1\"><span style=\"font-weight: 400;\">Control y moldeo total de torso.<\/span><\/li>\n<li style=\"font-weight: 400;\" aria-level=\"1\"><span style=\"font-weight: 400;\">Mayor cubrimiento, ideal para cirug\u00edas de espalda, brazos y busto.<\/span><\/li>\n<li style=\"font-weight: 400;\" aria-level=\"1\"><span style=\"font-weight: 400;\">Evita la retenci\u00f3n de l\u00edquidos y la formaci\u00f3n de fibrosis.<\/span><\/li>\n<li style=\"font-weight: 400;\" aria-level=\"1\"><span style=\"font-weight: 400;\">Faja compresiva que disminuye el dolor y brinda seguridad en tus movimientos.<\/span><\/li>\n<li style=\"font-weight: 400;\" aria-level=\"1\"><span style=\"font-weight: 400;\">Cubrimiento total en la espalda para una postura estilizada.<\/span><\/li>\n<li style=\"font-weight: 400;\" aria-level=\"1\"><span style=\"font-weight: 400;\">Agradable aroma.<\/span><\/li>\n<\/ul>\n<\/td>\n<\/tr>\n<\/tbody>\n<\/table>\n<h3><strong>Caracter\u00edsticas<\/strong><\/h3>\n<table>\n<tbody>\n<tr>\n<td><b>Color<\/b><\/td>\n<td><span style=\"font-weight: 400;\">Cocoa<\/span><\/td>\n<\/tr>\n<tr>\n<td><b>Usos recomendados<\/b><\/td>\n<td><span style=\"font-weight: 400;\">Uso diario, Postquir\u00fargica<\/span><\/td>\n<\/tr>\n<tr>\n<td><b>Nivel de control<\/b><\/td>\n<td><span style=\"font-weight: 400;\">Alto<\/span><\/td>\n<\/tr>\n<tr>\n<td><b>Zona de moldeo<\/b><\/td>\n<td><span style=\"font-weight: 400;\">Abdominal, Brazos, Busto, Piernas, Espalda y Gl\u00fateos<\/span><\/td>\n<\/tr>\n<tr>\n<td><b>Mecanismos de ajuste<\/b><\/td>\n<td><span style=\"font-weight: 400;\">Cierre<\/span><\/td>\n<\/tr>\n<tr>\n<td><b>Material<\/b><\/td>\n<td><span style=\"font-weight: 400;\">Powernet, Spandex<\/span><\/td>\n<\/tr>\n<tr>\n<td><b>Estilo<\/b><\/td>\n<td><span style=\"font-weight: 400;\">A la rodilla<\/span><\/td>\n<\/tr>\n<\/tbody>\n<\/table>\n<\/div>\n<\/div>\n<div id=\"id-8pf7q6\" class=\"vtex-disclosure-layout-1-x-content vtex-disclosure-layout-1-x-content--content_pdp vtex-disclosure-layout-1-x-content--visible vtex-disclosure-layout-1-x-content--content_pdp--visible\"><\/div>","protected":false},"excerpt":{"rendered":"<p>Referencia: 11387 Detalles del Producto Faja postquir\u00fargica, postparto y uso diario con soporte de alto cubrimiento ideal para moldear y dar compresi\u00f3n uniforme. Incluye brasier con copas completas y un orificio que facilita la lactancia. Su dise\u00f1o con powernet externo ofrece compresi\u00f3n y lycra interna brinda beneficios para la piel, ayudando a una recuperaci\u00f3n efectiva. [&hellip;]<\/p>","protected":false},"featured_media":4142,"comment_status":"open","ping_status":"closed","template":"","meta":{"_acf_changed":false},"product_brand":[],"product_cat":[18],"product_tag":[],"class_list":{"0":"post-3810","1":"product","2":"type-product","3":"status-publish","4":"has-post-thumbnail","6":"product_cat-fajas-colombianas-de-la-marca-fajate","7":"pa_color-cocoa","8":"pa_talla-s","9":"pa_talla-m","10":"pa_talla-l","11":"pa_talla-xl","12":"pa_talla-2xl","13":"pa_talla-3xl","15":"first","16":"instock","17":"shipping-taxable","18":"purchasable","19":"product-type-variable","20":"has-default-attributes"},"acf":[],"_links":{"self":[{"href":"https:\/\/chuzkashop.com\/en\/wp-json\/wp\/v2\/product\/3810","targetHints":{"allow":["GET"]}}],"collection":[{"href":"https:\/\/chuzkashop.com\/en\/wp-json\/wp\/v2\/product"}],"about":[{"href":"https:\/\/chuzkashop.com\/en\/wp-json\/wp\/v2\/types\/product"}],"replies":[{"embeddable":true,"href":"https:\/\/chuzkashop.com\/en\/wp-json\/wp\/v2\/comments?post=3810"}],"wp:featuredmedia":[{"embeddable":true,"href":"https:\/\/chuzkashop.com\/en\/wp-json\/wp\/v2\/media\/4142"}],"wp:attachment":[{"href":"https:\/\/chuzkashop.com\/en\/wp-json\/wp\/v2\/media?parent=3810"}],"wp:term":[{"taxonomy":"product_brand","embeddable":true,"href":"https:\/\/chuzkashop.com\/en\/wp-json\/wp\/v2\/product_brand?post=3810"},{"taxonomy":"product_cat","embeddable":true,"href":"https:\/\/chuzkashop.com\/en\/wp-json\/wp\/v2\/product_cat?post=3810"},{"taxonomy":"product_tag","embeddable":true,"href":"https:\/\/chuzkashop.com\/en\/wp-json\/wp\/v2\/product_tag?post=3810"}],"curies":[{"name":"wp","href":"https:\/\/api.w.org\/{rel}","templated":true}]}}