{"id":3820,"date":"2025-12-23T01:10:55","date_gmt":"2025-12-23T07:10:55","guid":{"rendered":"https:\/\/chuzkashop.com\/?post_type=product&#038;p=3820"},"modified":"2026-04-17T12:33:36","modified_gmt":"2026-04-17T18:33:36","slug":"faja-postquirurgica-alta-compresion-a-la-rodilla-con-busto-libre-y-realce-de-gluteos","status":"publish","type":"product","link":"https:\/\/chuzkashop.com\/en\/product\/faja-postquirurgica-alta-compresion-a-la-rodilla-con-busto-libre-y-realce-de-gluteos\/","title":{"rendered":"Faja postquir\u00fargica alta compresi\u00f3n a la rodilla con busto libre y realce de gl\u00fateos"},"content":{"rendered":"<div class=\"vtex-rich-text-0-x-container vtex-rich-text-0-x-container--disclosure-Title1 flex tl items-start justify-start t-body c-on-base\">\n<div class=\"vtex-rich-text-0-x-wrapper vtex-rich-text-0-x-wrapper--disclosure-Title1\">\n<p><em><strong>Referencia: 12047<\/strong><\/em><\/p>\n<h2 class=\"lh-copy vtex-rich-text-0-x-paragraph vtex-rich-text-0-x-paragraph--disclosure-Title1\">Detalles del Producto<\/h2>\n<\/div>\n<\/div>\n<div id=\"id-li9sdb\" class=\"vtex-disclosure-layout-1-x-content vtex-disclosure-layout-1-x-content--content_pdp vtex-disclosure-layout-1-x-content--visible vtex-disclosure-layout-1-x-content--content_pdp--visible\">\n<div class=\"vtex-store-components-3-x-productDescriptionContainer\">\n<div class=\"vtex-store-components-3-x-productDescriptionText c-muted-1\">\n<div>\n<p>Faja postquir\u00fargica de alta compresi\u00f3n, dise\u00f1ada para moldear abdomen, cintura, muslos, espalda y gl\u00fateos. Con cargaderas ajustables, sistema de ajuste con tres niveles y doble refuerzo abdominal para reducir medidas. Su largo a la rodilla define piernas y caderas, y realza los gl\u00fateos.<\/p>\n<p>Con tela interna de lycra que cuida la piel y costuras planas para mayor comodidad, es ideal para postoperatorio y uso diario. Adem\u00e1s, el delicado encaje en el ruedo aporta un toque elegante.<\/p>\n<\/div>\n<\/div>\n<\/div>\n<\/div>\n<div class=\"vtex-rich-text-0-x-container vtex-rich-text-0-x-container--disclosure-Title3 flex tl items-start justify-start t-body c-on-base\">\n<div class=\"vtex-rich-text-0-x-wrapper vtex-rich-text-0-x-wrapper--disclosure-Title3\">\n<h3><b>Beneficios<\/b><\/h3>\n<table>\n<tbody>\n<tr>\n<td>\n<ul>\n<li style=\"font-weight: 400;\" aria-level=\"1\"><b>Forro interno con componentes Viveltex.<\/b><\/li>\n<li style=\"font-weight: 400;\" aria-level=\"1\"><b>Control completo del cuerpo.<\/b><\/li>\n<li style=\"font-weight: 400;\" aria-level=\"1\"><b>Brasier incorporado.<\/b><\/li>\n<li style=\"font-weight: 400;\" aria-level=\"1\"><b>Brasier con broches para facilitar limpieza de la zona en caso de pexias o amamantar.<\/b><\/li>\n<li style=\"font-weight: 400;\" aria-level=\"1\"><b>Realza y define los gl\u00fateos.<\/b><\/li>\n<li style=\"font-weight: 400;\" aria-level=\"1\"><b>Abrochadura con tres niveles de ajuste para controlar y definir tu abdomen alto, medio y bajo.<\/b><\/li>\n<li style=\"font-weight: 400;\" aria-level=\"1\"><b>Costuras planas o invisibles que no maltratan la piel.<\/b><\/li>\n<li style=\"font-weight: 400;\" aria-level=\"1\"><b>Dise\u00f1o corto perfecto para lucir prendas como faldas cortas o shorts.<\/b><\/li>\n<\/ul>\n<\/td>\n<\/tr>\n<\/tbody>\n<\/table>\n<h3><b>Caracter\u00edsticas<\/b><\/h3>\n<table>\n<tbody>\n<tr>\n<td><b>Color<\/b><\/td>\n<td><b>Cocoa, Negro<\/b><\/td>\n<\/tr>\n<tr>\n<td><b>Nivel de control<\/b><\/td>\n<td><b>Alto<\/b><\/td>\n<\/tr>\n<tr>\n<td><b>Zona de moldeo<\/b><\/td>\n<td><b>Abdominal y Gl\u00fateos<\/b><\/td>\n<\/tr>\n<tr>\n<td><b>Mecanismos de ajuste<\/b><\/td>\n<td><b>Broche<\/b><\/td>\n<\/tr>\n<tr>\n<td><b>Material<\/b><\/td>\n<td><b>Powernet, Lycra control<\/b><\/td>\n<\/tr>\n<tr>\n<td><b>Estilo<\/b><\/td>\n<td><b>Media pierna<\/b><\/td>\n<\/tr>\n<\/tbody>\n<\/table>\n<h3><span style=\"font-weight: 400;\">Guia de Tallas<\/span><\/h3>\n<p>Instrucciones para Elegir y Usar tu Faja<\/p>\n<ul>\n<li style=\"font-weight: 400;\" aria-level=\"1\"><span style=\"font-weight: 400;\">Para fajas postquir\u00fargicas, sigue siempre las recomendaciones de tu m\u00e9dico.<\/span><\/li>\n<li style=\"font-weight: 400;\" aria-level=\"1\"><span style=\"font-weight: 400;\">Escoge el tipo de cola que prefieras para resaltar tus curvas.<\/span><\/li>\n<li style=\"font-weight: 400;\" aria-level=\"1\"><span style=\"font-weight: 400;\">Elige entre compresi\u00f3n media o alta, ajustando los broches seg\u00fan te sea m\u00e1s c\u00f3modo.<\/span><\/li>\n<li style=\"font-weight: 400;\" aria-level=\"1\"><span style=\"font-weight: 400;\">Es clave escoger la talla adecuada. Si es para postquir\u00fargico, considera la inflamaci\u00f3n y, si est\u00e1s entre dos tallas, opta por la m\u00e1s grande.<\/span><\/li>\n<li style=\"font-weight: 400;\" aria-level=\"1\"><span style=\"font-weight: 400;\">Lava tu faja con nuestro jab\u00f3n especializado para prolongar la vida de los componentes Viveltex.<\/span><\/li>\n<\/ul>\n<p>C\u00f3mo Colocarse la Faja<\/p>\n<ol>\n<li style=\"font-weight: 400;\" aria-level=\"1\"><span style=\"font-weight: 400;\">Verifica que la faja est\u00e9 en el lado correcto.<\/span><\/li>\n<li style=\"font-weight: 400;\" aria-level=\"1\"><span style=\"font-weight: 400;\">Pasa la faja con cuidado por las piernas.<\/span><\/li>\n<li style=\"font-weight: 400;\" aria-level=\"1\"><span style=\"font-weight: 400;\">Ajusta la silicona alrededor de las piernas.<\/span><\/li>\n<li style=\"font-weight: 400;\" aria-level=\"1\"><span style=\"font-weight: 400;\">Sube la faja hasta los gl\u00fateos y acom\u00f3dala.<\/span><\/li>\n<li style=\"font-weight: 400;\" aria-level=\"1\"><span style=\"font-weight: 400;\">Coloca las tiras y abrocha seg\u00fan el nivel de compresi\u00f3n que desees.<\/span><\/li>\n<li style=\"font-weight: 400;\" aria-level=\"1\"><span style=\"font-weight: 400;\">Aseg\u00farate de que la faja est\u00e9 bien ajustada.<\/span><\/li>\n<\/ol>\n<\/div>\n<\/div>\n<div id=\"id-8pf7q6\" class=\"vtex-disclosure-layout-1-x-content vtex-disclosure-layout-1-x-content--content_pdp vtex-disclosure-layout-1-x-content--visible vtex-disclosure-layout-1-x-content--content_pdp--visible\"><\/div>","protected":false},"excerpt":{"rendered":"<p>Referencia: 12047 Detalles del Producto Faja postquir\u00fargica de alta compresi\u00f3n, dise\u00f1ada para moldear abdomen, cintura, muslos, espalda y gl\u00fateos. Con cargaderas ajustables, sistema de ajuste con tres niveles y doble refuerzo abdominal para reducir medidas. Su largo a la rodilla define piernas y caderas, y realza los gl\u00fateos. Con tela interna de lycra que cuida [&hellip;]<\/p>","protected":false},"featured_media":3826,"comment_status":"open","ping_status":"closed","template":"","meta":{"_acf_changed":false},"product_brand":[],"product_cat":[18],"product_tag":[],"class_list":{"0":"post-3820","1":"product","2":"type-product","3":"status-publish","4":"has-post-thumbnail","6":"product_cat-fajas-colombianas-de-la-marca-fajate","7":"pa_color-beige","8":"pa_color-cocoa","9":"pa_color-negro","10":"pa_talla-s","11":"pa_talla-m","12":"pa_talla-l","13":"pa_talla-xl","14":"pa_talla-2xl","15":"pa_talla-3xl","16":"pa_talla-4xl","18":"first","19":"instock","20":"shipping-taxable","21":"purchasable","22":"product-type-variable"},"acf":[],"_links":{"self":[{"href":"https:\/\/chuzkashop.com\/en\/wp-json\/wp\/v2\/product\/3820","targetHints":{"allow":["GET"]}}],"collection":[{"href":"https:\/\/chuzkashop.com\/en\/wp-json\/wp\/v2\/product"}],"about":[{"href":"https:\/\/chuzkashop.com\/en\/wp-json\/wp\/v2\/types\/product"}],"replies":[{"embeddable":true,"href":"https:\/\/chuzkashop.com\/en\/wp-json\/wp\/v2\/comments?post=3820"}],"wp:featuredmedia":[{"embeddable":true,"href":"https:\/\/chuzkashop.com\/en\/wp-json\/wp\/v2\/media\/3826"}],"wp:attachment":[{"href":"https:\/\/chuzkashop.com\/en\/wp-json\/wp\/v2\/media?parent=3820"}],"wp:term":[{"taxonomy":"product_brand","embeddable":true,"href":"https:\/\/chuzkashop.com\/en\/wp-json\/wp\/v2\/product_brand?post=3820"},{"taxonomy":"product_cat","embeddable":true,"href":"https:\/\/chuzkashop.com\/en\/wp-json\/wp\/v2\/product_cat?post=3820"},{"taxonomy":"product_tag","embeddable":true,"href":"https:\/\/chuzkashop.com\/en\/wp-json\/wp\/v2\/product_tag?post=3820"}],"curies":[{"name":"wp","href":"https:\/\/api.w.org\/{rel}","templated":true}]}}