{"id":3937,"date":"2026-04-01T13:44:06","date_gmt":"2026-04-01T19:44:06","guid":{"rendered":"https:\/\/chuzkashop.com\/?post_type=product&#038;p=3937"},"modified":"2026-04-14T12:10:50","modified_gmt":"2026-04-14T18:10:50","slug":"cinturilla-strapless-moldeadora-de-alta-compresion-para-cintura-y-postura-2","status":"publish","type":"product","link":"https:\/\/chuzkashop.com\/en\/product\/cinturilla-strapless-moldeadora-de-alta-compresion-para-cintura-y-postura-2\/","title":{"rendered":"Cinturilla strapless moldeadora de alta compresi\u00f3n para cintura y postura"},"content":{"rendered":"<p><strong><em>Referencia: 11006<\/em><\/strong><\/p>\n<h2><b>Detalles del Producto<\/b><\/h2>\n<p>Faja Cinturilla de Control Alto, fabricada en Powernet para un ajuste firme y control superior. Su dise\u00f1o est\u00e1 pensado para moldear la figura, proporcionando una mayor definici\u00f3n en la cintura.<\/p>\n<p>La tela interna, suave y c\u00f3moda, libera microc\u00e1psulas con ingredientes hidratantes que cuidan la piel, ofreciendo una experiencia de confort y bienestar durante todo el d\u00eda.<\/p>\n<h3><b>Beneficios<\/b><\/h3>\n<table>\n<tbody>\n<tr>\n<td>\n<ul>\n<li style=\"font-weight: 400;\" aria-level=\"1\"><span style=\"font-weight: 400;\">Faja tipo cinturilla de control alto en cintura y abdomen<\/span><\/li>\n<li style=\"font-weight: 400;\" aria-level=\"1\"><span style=\"font-weight: 400;\">Tela powernet que otorga un control fuerte y lycra que brinda m\u00faltiples beneficios a la piel.<\/span><\/li>\n<li style=\"font-weight: 400;\" aria-level=\"1\"><span style=\"font-weight: 400;\">Varillas en la espalda y laterales que permiten que la prenda se mantenga firme y sin enrollarse, estilizando la figura.<\/span><\/li>\n<li style=\"font-weight: 400;\" aria-level=\"1\"><span style=\"font-weight: 400;\">Abrochadura delantera con 3 niveles de ajuste<\/span><\/li>\n<li style=\"font-weight: 400;\" aria-level=\"1\"><span style=\"font-weight: 400;\">Costuras planas que no maltratan ni marcan la piel<\/span><\/li>\n<li style=\"font-weight: 400;\" aria-level=\"1\"><span style=\"font-weight: 400;\">Corte recto en la espalda que no parte los gl\u00fateos<\/span><\/li>\n<li style=\"font-weight: 400;\" aria-level=\"1\"><span style=\"font-weight: 400;\">Cargaderas removibles<\/span><\/li>\n<li style=\"font-weight: 400;\" aria-level=\"1\"><span style=\"font-weight: 400;\">Doble refuerzo abdominal<\/span><\/li>\n<li style=\"font-weight: 400;\" aria-level=\"1\"><span style=\"font-weight: 400;\">El\u00e1stico con silicona antideslizante<\/span><\/li>\n<li style=\"font-weight: 400;\" aria-level=\"1\"><span style=\"font-weight: 400;\">Uso postquir\u00fargico, postparto o diario<br \/>\n<\/span><\/li>\n<\/ul>\n<\/td>\n<\/tr>\n<\/tbody>\n<\/table>\n<h3><strong>Caracter\u00edsticas<\/strong><\/h3>\n<table>\n<tbody>\n<tr>\n<td>Color<\/td>\n<td><span style=\"font-weight: 400;\">Cocoa<\/span><\/td>\n<\/tr>\n<tr>\n<td>Usos recomendados<\/td>\n<td><span style=\"font-weight: 400;\">Uso diario<\/span><\/td>\n<\/tr>\n<tr>\n<td>Nivel de control<\/td>\n<td><span style=\"font-weight: 400;\">Alto<\/span><\/td>\n<\/tr>\n<tr>\n<td>Zona de moldeo<\/td>\n<td><span style=\"font-weight: 400;\">Abdominal<\/span><\/td>\n<\/tr>\n<tr>\n<td>Mecanismos de ajuste<\/td>\n<td><span style=\"font-weight: 400;\">Broche<\/span><\/td>\n<\/tr>\n<tr>\n<td>Material<\/td>\n<td><span style=\"font-weight: 400;\">Powernet, Spandex<\/span><\/td>\n<\/tr>\n<tr>\n<td>Estilo<\/td>\n<td><span style=\"font-weight: 400;\">Cinturilla<\/span><\/td>\n<\/tr>\n<\/tbody>\n<\/table>\n<h3><span style=\"font-weight: 400;\">Guia de Tallas<\/span><\/h3>\n<p>Instrucciones para Elegir y Usar tu Faja<\/p>\n<ul>\n<li style=\"font-weight: 400;\" aria-level=\"1\"><span style=\"font-weight: 400;\">Para fajas postquir\u00fargicas, sigue siempre las recomendaciones de tu m\u00e9dico.<\/span><\/li>\n<li style=\"font-weight: 400;\" aria-level=\"1\"><span style=\"font-weight: 400;\">Escoge el tipo de cola que prefieras para resaltar tus curvas.<\/span><\/li>\n<li style=\"font-weight: 400;\" aria-level=\"1\"><span style=\"font-weight: 400;\">Elige entre compresi\u00f3n media o alta, ajustando los broches seg\u00fan te sea m\u00e1s c\u00f3modo.<\/span><\/li>\n<li style=\"font-weight: 400;\" aria-level=\"1\"><span style=\"font-weight: 400;\">Es clave escoger la talla adecuada. Si es para postquir\u00fargico, considera la inflamaci\u00f3n y, si est\u00e1s entre dos tallas, opta por la m\u00e1s grande.<\/span><\/li>\n<li style=\"font-weight: 400;\" aria-level=\"1\"><span style=\"font-weight: 400;\">Lava tu faja con nuestro jab\u00f3n especializado para prolongar la vida de los componentes Viveltex.<\/span><\/li>\n<\/ul>\n<p>C\u00f3mo Colocarse la Faja<\/p>\n<ol>\n<li style=\"font-weight: 400;\" aria-level=\"1\"><span style=\"font-weight: 400;\">Verifica que la faja est\u00e9 en el lado correcto.<\/span><\/li>\n<li style=\"font-weight: 400;\" aria-level=\"1\"><span style=\"font-weight: 400;\">Pasa la faja con cuidado por las piernas.<\/span><\/li>\n<li style=\"font-weight: 400;\" aria-level=\"1\"><span style=\"font-weight: 400;\">Ajusta la silicona alrededor de las piernas.<\/span><\/li>\n<li style=\"font-weight: 400;\" aria-level=\"1\"><span style=\"font-weight: 400;\">Sube la faja hasta los gl\u00fateos y acom\u00f3dala.<\/span><\/li>\n<li style=\"font-weight: 400;\" aria-level=\"1\"><span style=\"font-weight: 400;\">Coloca las tiras y abrocha seg\u00fan el nivel de compresi\u00f3n que desees.<\/span><\/li>\n<li style=\"font-weight: 400;\" aria-level=\"1\"><span style=\"font-weight: 400;\">Aseg\u00farate de que la faja est\u00e9 bien ajustada.<\/span><\/li>\n<\/ol>\n<p>&nbsp;<\/p>","protected":false},"excerpt":{"rendered":"<p>Referencia: 11006 Detalles del Producto Faja Cinturilla de Control Alto, fabricada en Powernet para un ajuste firme y control superior. Su dise\u00f1o est\u00e1 pensado para moldear la figura, proporcionando una mayor definici\u00f3n en la cintura. La tela interna, suave y c\u00f3moda, libera microc\u00e1psulas con ingredientes hidratantes que cuidan la piel, ofreciendo una experiencia de confort [&hellip;]<\/p>","protected":false},"featured_media":3946,"comment_status":"open","ping_status":"closed","template":"","meta":{"_acf_changed":false},"product_brand":[],"product_cat":[18],"product_tag":[],"class_list":{"0":"post-3937","1":"product","2":"type-product","3":"status-publish","4":"has-post-thumbnail","6":"product_cat-fajas-colombianas-de-la-marca-fajate","7":"pa_color-cocoa","8":"pa_talla-s","9":"pa_talla-m","10":"pa_talla-l","11":"pa_talla-xl","12":"pa_talla-2xl","13":"pa_talla-3xl","15":"first","16":"instock","17":"shipping-taxable","18":"purchasable","19":"product-type-variable","20":"has-default-attributes"},"acf":[],"_links":{"self":[{"href":"https:\/\/chuzkashop.com\/en\/wp-json\/wp\/v2\/product\/3937","targetHints":{"allow":["GET"]}}],"collection":[{"href":"https:\/\/chuzkashop.com\/en\/wp-json\/wp\/v2\/product"}],"about":[{"href":"https:\/\/chuzkashop.com\/en\/wp-json\/wp\/v2\/types\/product"}],"replies":[{"embeddable":true,"href":"https:\/\/chuzkashop.com\/en\/wp-json\/wp\/v2\/comments?post=3937"}],"wp:featuredmedia":[{"embeddable":true,"href":"https:\/\/chuzkashop.com\/en\/wp-json\/wp\/v2\/media\/3946"}],"wp:attachment":[{"href":"https:\/\/chuzkashop.com\/en\/wp-json\/wp\/v2\/media?parent=3937"}],"wp:term":[{"taxonomy":"product_brand","embeddable":true,"href":"https:\/\/chuzkashop.com\/en\/wp-json\/wp\/v2\/product_brand?post=3937"},{"taxonomy":"product_cat","embeddable":true,"href":"https:\/\/chuzkashop.com\/en\/wp-json\/wp\/v2\/product_cat?post=3937"},{"taxonomy":"product_tag","embeddable":true,"href":"https:\/\/chuzkashop.com\/en\/wp-json\/wp\/v2\/product_tag?post=3937"}],"curies":[{"name":"wp","href":"https:\/\/api.w.org\/{rel}","templated":true}]}}