{"id":3994,"date":"2026-03-23T13:05:22","date_gmt":"2026-03-23T19:05:22","guid":{"rendered":"https:\/\/chuzkashop.com\/?post_type=product&#038;p=3994"},"modified":"2026-04-14T12:15:20","modified_gmt":"2026-04-14T18:15:20","slug":"panty-faja-moldeadora-con-levantamiento-de-gluteos-y-control-abdominal-firme-2","status":"publish","type":"product","link":"https:\/\/chuzkashop.com\/en\/product\/panty-faja-moldeadora-con-levantamiento-de-gluteos-y-control-abdominal-firme-2\/","title":{"rendered":"Panty faja moldeadora con levantamiento de gl\u00fateos y control abdominal firme"},"content":{"rendered":"<p><em><b>Referencia: 11227<\/b><\/em><\/p>\n<h2><span style=\"font-weight: 400;\"><br \/>\nDetalles del Producto<\/span><\/h2>\n<p>Moldea y realza tu figura con nuestra Panty Faja Levanta Gl\u00fateos. Dise\u00f1ada con alta compresi\u00f3n en abdomen y caderas, su refuerzo abdominal y dise\u00f1o de ultrarealce definen los gl\u00fateos para una apariencia m\u00e1s redondeada y firme.<br \/>\nFabricada con powernet y lycra forrada, incluye microc\u00e1psulas VivelTex Protec que cuidan la piel mientras la moldean. Con detalles en silicona en la pierna, garantiza sujeci\u00f3n perfecta para el uso diario.<\/p>\n<h3><span style=\"font-weight: 400;\">Beneficios<\/span><\/h3>\n<table>\n<tbody>\n<tr>\n<td>\n<ul>\n<li style=\"font-weight: 400;\" aria-level=\"1\"><span style=\"font-weight: 400;\">Panty faja con refuerzo abdominal medio, bajo y cadera<\/span><\/li>\n<li style=\"font-weight: 400;\" aria-level=\"1\"><span style=\"font-weight: 400;\">Silueta cachetera<\/span><\/li>\n<li style=\"font-weight: 400;\" aria-level=\"1\"><span style=\"font-weight: 400;\">Efecto ultra realce y levanta cola que define los gl\u00fateos con sus costuras<\/span><\/li>\n<li style=\"font-weight: 400;\" aria-level=\"1\"><span style=\"font-weight: 400;\">Tela interna que aporta m\u00faltiples beneficios a la piel<\/span><\/li>\n<li style=\"font-weight: 400;\" aria-level=\"1\"><span style=\"font-weight: 400;\">El\u00e1stico en el centro de los gl\u00fateos que genera un efecto de m\u00e1s volumen y levantamiento<\/span><\/li>\n<li style=\"font-weight: 400;\" aria-level=\"1\"><span style=\"font-weight: 400;\">Detalle delicado de encaje con silicona en las piernas que permite la correcta sujeci\u00f3n<\/span><\/li>\n<li style=\"font-weight: 400;\" aria-level=\"1\"><span style=\"font-weight: 400;\">El\u00e1stico con silicona interna antideslizante que permite que la prenda se mantenga en su lugar<\/span><\/li>\n<\/ul>\n<\/td>\n<\/tr>\n<\/tbody>\n<\/table>\n<h3><span style=\"font-weight: 400;\">Caracter\u00edsticas<\/span><\/h3>\n<table>\n<tbody>\n<tr>\n<td><b>Color<\/b><\/td>\n<td><span style=\"font-weight: 400;\">Beige, Negro<\/span><\/td>\n<\/tr>\n<tr>\n<td><b>Usos recomendados<\/b><\/td>\n<td><span style=\"font-weight: 400;\">Uso diario, Ultra realce<\/span><\/td>\n<\/tr>\n<tr>\n<td><b>Nivel de control<\/b><\/td>\n<td><span style=\"font-weight: 400;\">Alto<\/span><\/td>\n<\/tr>\n<tr>\n<td><b>Zona de moldeo<\/b><\/td>\n<td><span style=\"font-weight: 400;\">Piernas y Gl\u00fateos<\/span><\/td>\n<\/tr>\n<tr>\n<td><b>Mecanismos de ajuste<\/b><\/td>\n<td><span style=\"font-weight: 400;\">Liso<\/span><\/td>\n<\/tr>\n<tr>\n<td><b>Material<\/b><\/td>\n<td><span style=\"font-weight: 400;\">Powernet, Spandex<\/span><\/td>\n<\/tr>\n<tr>\n<td><b>Estilo<\/b><\/td>\n<td><span style=\"font-weight: 400;\">Cachetera<\/span><\/td>\n<\/tr>\n<\/tbody>\n<\/table>\n<h3><span style=\"font-weight: 400;\">Guia de Tallas<\/span><\/h3>\n<p>Instrucciones para Elegir y Usar tu Faja<\/p>\n<ul>\n<li style=\"font-weight: 400;\" aria-level=\"1\"><span style=\"font-weight: 400;\">Para fajas postquir\u00fargicas, sigue siempre las recomendaciones de tu m\u00e9dico.<\/span><\/li>\n<li style=\"font-weight: 400;\" aria-level=\"1\"><span style=\"font-weight: 400;\">Escoge el tipo de cola que prefieras para resaltar tus curvas.<\/span><\/li>\n<li style=\"font-weight: 400;\" aria-level=\"1\"><span style=\"font-weight: 400;\">Elige entre compresi\u00f3n media o alta, ajustando los broches seg\u00fan te sea m\u00e1s c\u00f3modo.<\/span><\/li>\n<li style=\"font-weight: 400;\" aria-level=\"1\"><span style=\"font-weight: 400;\">Es clave escoger la talla adecuada. Si es para postquir\u00fargico, considera la inflamaci\u00f3n y, si est\u00e1s entre dos tallas, opta por la m\u00e1s grande.<\/span><\/li>\n<li style=\"font-weight: 400;\" aria-level=\"1\"><span style=\"font-weight: 400;\">Lava tu faja con nuestro jab\u00f3n especializado para prolongar la vida de los componentes Viveltex.<\/span><\/li>\n<\/ul>\n<p>C\u00f3mo Colocarse la Faja<\/p>\n<ol>\n<li style=\"font-weight: 400;\" aria-level=\"1\"><span style=\"font-weight: 400;\">Verifica que la faja est\u00e9 en el lado correcto.<\/span><\/li>\n<li style=\"font-weight: 400;\" aria-level=\"1\"><span style=\"font-weight: 400;\">Pasa la faja con cuidado por las piernas.<\/span><\/li>\n<li style=\"font-weight: 400;\" aria-level=\"1\"><span style=\"font-weight: 400;\">Ajusta la silicona alrededor de las piernas.<\/span><\/li>\n<li style=\"font-weight: 400;\" aria-level=\"1\"><span style=\"font-weight: 400;\">Sube la faja hasta los gl\u00fateos y acom\u00f3dala.<\/span><\/li>\n<li style=\"font-weight: 400;\" aria-level=\"1\"><span style=\"font-weight: 400;\">Coloca las tiras y abrocha seg\u00fan el nivel de compresi\u00f3n que desees.<\/span><\/li>\n<li style=\"font-weight: 400;\" aria-level=\"1\"><span style=\"font-weight: 400;\">Aseg\u00farate de que la faja est\u00e9 bien ajustada.<\/span><\/li>\n<\/ol>\n<p>&nbsp;<\/p>","protected":false},"excerpt":{"rendered":"<p>Referencia: 11227 Detalles del Producto Moldea y realza tu figura con nuestra Panty Faja Levanta Gl\u00fateos. Dise\u00f1ada con alta compresi\u00f3n en abdomen y caderas, su refuerzo abdominal y dise\u00f1o de ultrarealce definen los gl\u00fateos para una apariencia m\u00e1s redondeada y firme. Fabricada con powernet y lycra forrada, incluye microc\u00e1psulas VivelTex Protec que cuidan la piel [&hellip;]<\/p>","protected":false},"featured_media":4001,"comment_status":"open","ping_status":"closed","template":"","meta":{"_acf_changed":false},"product_brand":[],"product_cat":[18],"product_tag":[],"class_list":{"0":"post-3994","1":"product","2":"type-product","3":"status-publish","4":"has-post-thumbnail","6":"product_cat-fajas-colombianas-de-la-marca-fajate","7":"pa_color-beige","8":"pa_color-cocoa","9":"pa_color-negro","10":"pa_talla-s","11":"pa_talla-m","12":"pa_talla-l","13":"pa_talla-xl","14":"pa_talla-2xl","15":"pa_talla-3xl","17":"first","18":"instock","19":"shipping-taxable","20":"purchasable","21":"product-type-variable"},"acf":[],"_links":{"self":[{"href":"https:\/\/chuzkashop.com\/en\/wp-json\/wp\/v2\/product\/3994","targetHints":{"allow":["GET"]}}],"collection":[{"href":"https:\/\/chuzkashop.com\/en\/wp-json\/wp\/v2\/product"}],"about":[{"href":"https:\/\/chuzkashop.com\/en\/wp-json\/wp\/v2\/types\/product"}],"replies":[{"embeddable":true,"href":"https:\/\/chuzkashop.com\/en\/wp-json\/wp\/v2\/comments?post=3994"}],"wp:featuredmedia":[{"embeddable":true,"href":"https:\/\/chuzkashop.com\/en\/wp-json\/wp\/v2\/media\/4001"}],"wp:attachment":[{"href":"https:\/\/chuzkashop.com\/en\/wp-json\/wp\/v2\/media?parent=3994"}],"wp:term":[{"taxonomy":"product_brand","embeddable":true,"href":"https:\/\/chuzkashop.com\/en\/wp-json\/wp\/v2\/product_brand?post=3994"},{"taxonomy":"product_cat","embeddable":true,"href":"https:\/\/chuzkashop.com\/en\/wp-json\/wp\/v2\/product_cat?post=3994"},{"taxonomy":"product_tag","embeddable":true,"href":"https:\/\/chuzkashop.com\/en\/wp-json\/wp\/v2\/product_tag?post=3994"}],"curies":[{"name":"wp","href":"https:\/\/api.w.org\/{rel}","templated":true}]}}