{"id":4060,"date":"2026-04-01T13:44:13","date_gmt":"2026-04-01T19:44:13","guid":{"rendered":"https:\/\/chuzkashop.com\/?post_type=product&#038;p=4060"},"modified":"2026-04-02T12:42:57","modified_gmt":"2026-04-02T18:42:57","slug":"faja-panty-moldeadora-con-control-abdominal-firme-y-encaje-ajustable","status":"publish","type":"product","link":"https:\/\/chuzkashop.com\/en\/product\/faja-panty-moldeadora-con-control-abdominal-firme-y-encaje-ajustable\/","title":{"rendered":"Faja panty moldeadora con control abdominal firme y encaje ajustable"},"content":{"rendered":"<p><em><b>Referencia: 11350<\/b><\/em><\/p>\n<h2><strong>Detalles del Producto<\/strong><\/h2>\n<p>Transforma tu figura con la Faja Panty Moldeadora, que moldea cintura, abdomen y caderas. Con refuerzo abdominal para compresi\u00f3n firme y dise\u00f1o de tiro alto que esculpe el torso.<br \/>\nSu cremallera lateral, abrochadura interna y cierre perineal ofrecen comodidad y ajuste perfecto. Forrada en lycra con microc\u00e1psulas, cuida tu piel mientras te proporciona soporte. \u00a1Define tu estilo con confianza!<\/p>\n<h3><span style=\"font-weight: 400;\">Beneficios<\/span><\/h3>\n<table>\n<tbody>\n<tr>\n<td>\n<ul>\n<li style=\"font-weight: 400;\" aria-level=\"1\"><span style=\"font-weight: 400;\">Faja panty de control alto que moldea muslos, abdomen, derrier y gl\u00fateos.<\/span><\/li>\n<li style=\"font-weight: 400;\" aria-level=\"1\"><span style=\"font-weight: 400;\">Moldea la silueta desde la base del busto hasta la mitad de las piernas.<\/span><\/li>\n<li style=\"font-weight: 400;\" aria-level=\"1\"><span style=\"font-weight: 400;\">Doble refuerzo abdominal que controla y da firmeza.<\/span><\/li>\n<li style=\"font-weight: 400;\" aria-level=\"1\"><span style=\"font-weight: 400;\">Disimula la celulitis.<\/span><\/li>\n<li style=\"font-weight: 400;\" aria-level=\"1\"><span style=\"font-weight: 400;\">Encaje el\u00e1stico con silicona en la base del busto que facilita que la prenda permanezca en su lugar.<\/span><\/li>\n<li style=\"font-weight: 400;\" aria-level=\"1\"><span style=\"font-weight: 400;\">Imperceptible bajo la ropa con costuras planas que no maltratan la piel.<\/span><\/li>\n<li style=\"font-weight: 400;\" aria-level=\"1\"><span style=\"font-weight: 400;\">Cremallera perineal que facilita las idas al ba\u00f1o.<\/span><\/li>\n<li style=\"font-weight: 400;\" aria-level=\"1\"><span style=\"font-weight: 400;\">Cremallera lateral con abrochadura interna que facilita la postura y protege la piel.<\/span><\/li>\n<li style=\"font-weight: 400;\" aria-level=\"1\"><span style=\"font-weight: 400;\">Uso para jeans, vestidos o pantalones.<\/span><\/li>\n<\/ul>\n<\/td>\n<\/tr>\n<\/tbody>\n<\/table>\n<h3><span style=\"font-weight: 400;\">Caracter\u00edsticas<\/span><\/h3>\n<table>\n<tbody>\n<tr>\n<td><b>Color<\/b><\/td>\n<td><span style=\"font-weight: 400;\">Cocoa, Negro<\/span><\/td>\n<\/tr>\n<tr>\n<td><b>Usos recomendados<\/b><\/td>\n<td><span style=\"font-weight: 400;\">Uso diario, Postquir\u00fargica<\/span><\/td>\n<\/tr>\n<tr>\n<td><b>Nivel de control<\/b><\/td>\n<td><span style=\"font-weight: 400;\">Alto<\/span><\/td>\n<\/tr>\n<tr>\n<td><b>Zona de moldeo<\/b><\/td>\n<td><span style=\"font-weight: 400;\">Abdominal y Gl\u00fateos<\/span><\/td>\n<\/tr>\n<tr>\n<td><b>Mecanismos de ajuste<\/b><\/td>\n<td><span style=\"font-weight: 400;\">Cierre<\/span><\/td>\n<\/tr>\n<tr>\n<td><b>Material<\/b><\/td>\n<td><span style=\"font-weight: 400;\">Powernet, Spandex<\/span><\/td>\n<\/tr>\n<tr>\n<td><b>Estilo<\/b><\/td>\n<td><span style=\"font-weight: 400;\">Media pierna<\/span><\/td>\n<\/tr>\n<\/tbody>\n<\/table>\n<h3><span style=\"font-weight: 400;\">Guia de Tallas<\/span><\/h3>\n<p>Instrucciones para Elegir y Usar tu Faja<\/p>\n<ul>\n<li style=\"font-weight: 400;\" aria-level=\"1\"><span style=\"font-weight: 400;\">Para fajas postquir\u00fargicas, sigue siempre las recomendaciones de tu m\u00e9dico.<\/span><\/li>\n<li style=\"font-weight: 400;\" aria-level=\"1\"><span style=\"font-weight: 400;\">Escoge el tipo de cola que prefieras para resaltar tus curvas.<\/span><\/li>\n<li style=\"font-weight: 400;\" aria-level=\"1\"><span style=\"font-weight: 400;\">Elige entre compresi\u00f3n media o alta, ajustando los broches seg\u00fan te sea m\u00e1s c\u00f3modo.<\/span><\/li>\n<li style=\"font-weight: 400;\" aria-level=\"1\"><span style=\"font-weight: 400;\">Es clave escoger la talla adecuada. Si es para postquir\u00fargico, considera la inflamaci\u00f3n y, si est\u00e1s entre dos tallas, opta por la m\u00e1s grande.<\/span><\/li>\n<li style=\"font-weight: 400;\" aria-level=\"1\"><span style=\"font-weight: 400;\">Lava tu faja con nuestro jab\u00f3n especializado para prolongar la vida de los componentes Viveltex.<\/span><\/li>\n<\/ul>\n<p>C\u00f3mo Colocarse la Faja<\/p>\n<ol>\n<li style=\"font-weight: 400;\" aria-level=\"1\"><span style=\"font-weight: 400;\">Verifica que la faja est\u00e9 en el lado correcto.<\/span><\/li>\n<li style=\"font-weight: 400;\" aria-level=\"1\"><span style=\"font-weight: 400;\">Pasa la faja con cuidado por las piernas.<\/span><\/li>\n<li style=\"font-weight: 400;\" aria-level=\"1\"><span style=\"font-weight: 400;\">Ajusta la silicona alrededor de las piernas.<\/span><\/li>\n<li style=\"font-weight: 400;\" aria-level=\"1\"><span style=\"font-weight: 400;\">Sube la faja hasta los gl\u00fateos y acom\u00f3dala.<\/span><\/li>\n<li style=\"font-weight: 400;\" aria-level=\"1\"><span style=\"font-weight: 400;\">Coloca las tiras y abrocha seg\u00fan el nivel de compresi\u00f3n que desees.<\/span><\/li>\n<li style=\"font-weight: 400;\" aria-level=\"1\"><span style=\"font-weight: 400;\">Aseg\u00farate de que la faja est\u00e9 bien ajustada.<\/span><\/li>\n<\/ol>","protected":false},"excerpt":{"rendered":"<p>Referencia: 11350 Detalles del Producto Transforma tu figura con la Faja Panty Moldeadora, que moldea cintura, abdomen y caderas. Con refuerzo abdominal para compresi\u00f3n firme y dise\u00f1o de tiro alto que esculpe el torso. Su cremallera lateral, abrochadura interna y cierre perineal ofrecen comodidad y ajuste perfecto. Forrada en lycra con microc\u00e1psulas, cuida tu piel [&hellip;]<\/p>","protected":false},"featured_media":4067,"comment_status":"open","ping_status":"closed","template":"","meta":{"_acf_changed":false},"product_brand":[],"product_cat":[18],"product_tag":[],"class_list":{"0":"post-4060","1":"product","2":"type-product","3":"status-publish","4":"has-post-thumbnail","6":"product_cat-fajas-colombianas-de-la-marca-fajate","7":"pa_talla-s","8":"pa_talla-m","9":"pa_talla-l","10":"pa_talla-xl","11":"pa_talla-2xl","12":"pa_talla-3xl","14":"first","15":"instock","16":"shipping-taxable","17":"purchasable","18":"product-type-variable"},"acf":[],"_links":{"self":[{"href":"https:\/\/chuzkashop.com\/en\/wp-json\/wp\/v2\/product\/4060","targetHints":{"allow":["GET"]}}],"collection":[{"href":"https:\/\/chuzkashop.com\/en\/wp-json\/wp\/v2\/product"}],"about":[{"href":"https:\/\/chuzkashop.com\/en\/wp-json\/wp\/v2\/types\/product"}],"replies":[{"embeddable":true,"href":"https:\/\/chuzkashop.com\/en\/wp-json\/wp\/v2\/comments?post=4060"}],"wp:featuredmedia":[{"embeddable":true,"href":"https:\/\/chuzkashop.com\/en\/wp-json\/wp\/v2\/media\/4067"}],"wp:attachment":[{"href":"https:\/\/chuzkashop.com\/en\/wp-json\/wp\/v2\/media?parent=4060"}],"wp:term":[{"taxonomy":"product_brand","embeddable":true,"href":"https:\/\/chuzkashop.com\/en\/wp-json\/wp\/v2\/product_brand?post=4060"},{"taxonomy":"product_cat","embeddable":true,"href":"https:\/\/chuzkashop.com\/en\/wp-json\/wp\/v2\/product_cat?post=4060"},{"taxonomy":"product_tag","embeddable":true,"href":"https:\/\/chuzkashop.com\/en\/wp-json\/wp\/v2\/product_tag?post=4060"}],"curies":[{"name":"wp","href":"https:\/\/api.w.org\/{rel}","templated":true}]}}