{"id":4107,"date":"2026-04-01T13:44:10","date_gmt":"2026-04-01T19:44:10","guid":{"rendered":"https:\/\/chuzkashop.com\/?post_type=product&#038;p=4107"},"modified":"2026-04-17T11:53:22","modified_gmt":"2026-04-17T17:53:22","slug":"faja-postquirurgica-moldeadora-a-media-pierna-con-busto-libre-y-soporte-2","status":"publish","type":"product","link":"https:\/\/chuzkashop.com\/en\/product\/faja-postquirurgica-moldeadora-a-media-pierna-con-busto-libre-y-soporte-2\/","title":{"rendered":"Faja postquir\u00fargica moldeadora a media pierna con busto libre y soporte"},"content":{"rendered":"<p><em><b>Referencia: 11378<\/b><\/em><\/p>\n<h2><b>Detalles del Producto<\/b><\/h2>\n<p>Faja postquir\u00fargica moldeadora de alta compresi\u00f3n, controla abdomen, muslos, torso y caderas. Con cremallera lateral y broches internos para ajuste preciso, alivia dolores lumbares y promueve desinflamaci\u00f3n. El doble refuerzo abdominal previene la retenci\u00f3n de l\u00edquidos y acelera la cicatrizaci\u00f3n.<br \/>\nDise\u00f1ada con encaje delicado, powernet exterior para moldeado y lycra interna que cuida la piel. Cola fit 360 realza los gl\u00fateos, y el cierre perineal mejora la comodidad. Ideal para recuperaci\u00f3n postquir\u00fargica y uso diario.<\/p>\n<h3><b>Beneficios<\/b><\/h3>\n<table>\n<tbody>\n<tr>\n<td>\n<ul>\n<li style=\"font-weight: 400;\" aria-level=\"1\"><b>Alta comprensi\u00f3n en zona abdominal<\/b><\/li>\n<li style=\"font-weight: 400;\" aria-level=\"1\"><b>Moldeo de cadera, muslos y torso<\/b><\/li>\n<li style=\"font-weight: 400;\" aria-level=\"1\"><b>Favorece la recuperaci\u00f3n despu\u00e9s de procesos postquir\u00fargicos<\/b><\/li>\n<li style=\"font-weight: 400;\" aria-level=\"1\"><b>Evita la flacidez<\/b><\/li>\n<li style=\"font-weight: 400;\" aria-level=\"1\"><b>Cierre lateral con recubrimiento interior permite una postura m\u00e1s c\u00f3moda previniendo irritaciones<\/b><\/li>\n<li style=\"font-weight: 400;\" aria-level=\"1\"><b>Componentes que benefician la piel y la cicatrizaci\u00f3n<\/b><\/li>\n<li style=\"font-weight: 400;\" aria-level=\"1\"><b>Mayor capacidad en la zona de los gl\u00fateos que los realza, moldea y estiliza gracias a su cola fit 360<\/b><\/li>\n<li style=\"font-weight: 400;\" aria-level=\"1\"><b>Costuras planas y lisas que la hacen m\u00e1s sutil con tu ropa exterior<\/b><\/li>\n<li style=\"font-weight: 400;\" aria-level=\"1\"><b>Favorece la buena postura<\/b><\/li>\n<li style=\"font-weight: 400;\" aria-level=\"1\"><b>Cargaderas removibles<\/b><\/li>\n<li style=\"font-weight: 400;\" aria-level=\"1\"><b>Cierre perineal para facilitar las idas al ba\u00f1o<\/b><\/li>\n<\/ul>\n<\/td>\n<\/tr>\n<\/tbody>\n<\/table>\n<h3><b>Caracter\u00edsticas<\/b><\/h3>\n<table>\n<tbody>\n<tr>\n<td><b>Color<\/b><\/td>\n<td><b>Beige, Cocoa<\/b><\/td>\n<\/tr>\n<tr>\n<td><b>Usos recomendados<\/b><\/td>\n<td><b>Postquir\u00fargica<\/b><\/td>\n<\/tr>\n<tr>\n<td><b>Nivel de control<\/b><\/td>\n<td><b>Alto<\/b><\/td>\n<\/tr>\n<tr>\n<td><b>Zona de moldeo<\/b><\/td>\n<td><b>Abdominal, Piernas y Gl\u00fateos<\/b><\/td>\n<\/tr>\n<tr>\n<td><b>Mecanismos de ajuste<\/b><\/td>\n<td><b>Cierre<\/b><\/td>\n<\/tr>\n<tr>\n<td><b>Material<\/b><\/td>\n<td><b>Powernet, Spandex<\/b><\/td>\n<\/tr>\n<tr>\n<td><b>Estilo<\/b><\/td>\n<td><b>Media pierna<\/b><\/td>\n<\/tr>\n<\/tbody>\n<\/table>\n<h3><span style=\"font-weight: 400;\">Guia de Tallas<\/span><\/h3>\n<p>Instrucciones para Elegir y Usar tu Faja<\/p>\n<ul>\n<li style=\"font-weight: 400;\" aria-level=\"1\"><span style=\"font-weight: 400;\">Para fajas postquir\u00fargicas, sigue siempre las recomendaciones de tu m\u00e9dico.<\/span><\/li>\n<li style=\"font-weight: 400;\" aria-level=\"1\"><span style=\"font-weight: 400;\">Escoge el tipo de cola que prefieras para resaltar tus curvas.<\/span><\/li>\n<li style=\"font-weight: 400;\" aria-level=\"1\"><span style=\"font-weight: 400;\">Elige entre compresi\u00f3n media o alta, ajustando los broches seg\u00fan te sea m\u00e1s c\u00f3modo.<\/span><\/li>\n<li style=\"font-weight: 400;\" aria-level=\"1\"><span style=\"font-weight: 400;\">Es clave escoger la talla adecuada. Si es para postquir\u00fargico, considera la inflamaci\u00f3n y, si est\u00e1s entre dos tallas, opta por la m\u00e1s grande.<\/span><\/li>\n<li style=\"font-weight: 400;\" aria-level=\"1\"><span style=\"font-weight: 400;\">Lava tu faja con nuestro jab\u00f3n especializado para prolongar la vida de los componentes Viveltex.<\/span><\/li>\n<\/ul>\n<p>C\u00f3mo Colocarse la Faja<\/p>\n<ol>\n<li style=\"font-weight: 400;\" aria-level=\"1\"><span style=\"font-weight: 400;\">Verifica que la faja est\u00e9 en el lado correcto.<\/span><\/li>\n<li style=\"font-weight: 400;\" aria-level=\"1\"><span style=\"font-weight: 400;\">Pasa la faja con cuidado por las piernas.<\/span><\/li>\n<li style=\"font-weight: 400;\" aria-level=\"1\"><span style=\"font-weight: 400;\">Ajusta la silicona alrededor de las piernas.<\/span><\/li>\n<li style=\"font-weight: 400;\" aria-level=\"1\"><span style=\"font-weight: 400;\">Sube la faja hasta los gl\u00fateos y acom\u00f3dala.<\/span><\/li>\n<li style=\"font-weight: 400;\" aria-level=\"1\"><span style=\"font-weight: 400;\">Coloca las tiras y abrocha seg\u00fan el nivel de compresi\u00f3n que desees.<\/span><\/li>\n<li style=\"font-weight: 400;\" aria-level=\"1\"><span style=\"font-weight: 400;\">Aseg\u00farate de que la faja est\u00e9 bien ajustada.<\/span><\/li>\n<\/ol>","protected":false},"excerpt":{"rendered":"<p>Referencia: 11378 Detalles del Producto Faja postquir\u00fargica moldeadora de alta compresi\u00f3n, controla abdomen, muslos, torso y caderas. Con cremallera lateral y broches internos para ajuste preciso, alivia dolores lumbares y promueve desinflamaci\u00f3n. El doble refuerzo abdominal previene la retenci\u00f3n de l\u00edquidos y acelera la cicatrizaci\u00f3n. Dise\u00f1ada con encaje delicado, powernet exterior para moldeado y lycra [&hellip;]<\/p>","protected":false},"featured_media":4116,"comment_status":"open","ping_status":"closed","template":"","meta":{"_acf_changed":false},"product_brand":[],"product_cat":[18],"product_tag":[],"class_list":{"0":"post-4107","1":"product","2":"type-product","3":"status-publish","4":"has-post-thumbnail","6":"product_cat-fajas-colombianas-de-la-marca-fajate","7":"pa_color-cocoa","8":"pa_talla-s","9":"pa_talla-m","10":"pa_talla-l","11":"pa_talla-xl","12":"pa_talla-2xl","13":"pa_talla-3xl","15":"first","16":"instock","17":"shipping-taxable","18":"purchasable","19":"product-type-variable"},"acf":[],"_links":{"self":[{"href":"https:\/\/chuzkashop.com\/en\/wp-json\/wp\/v2\/product\/4107","targetHints":{"allow":["GET"]}}],"collection":[{"href":"https:\/\/chuzkashop.com\/en\/wp-json\/wp\/v2\/product"}],"about":[{"href":"https:\/\/chuzkashop.com\/en\/wp-json\/wp\/v2\/types\/product"}],"replies":[{"embeddable":true,"href":"https:\/\/chuzkashop.com\/en\/wp-json\/wp\/v2\/comments?post=4107"}],"wp:featuredmedia":[{"embeddable":true,"href":"https:\/\/chuzkashop.com\/en\/wp-json\/wp\/v2\/media\/4116"}],"wp:attachment":[{"href":"https:\/\/chuzkashop.com\/en\/wp-json\/wp\/v2\/media?parent=4107"}],"wp:term":[{"taxonomy":"product_brand","embeddable":true,"href":"https:\/\/chuzkashop.com\/en\/wp-json\/wp\/v2\/product_brand?post=4107"},{"taxonomy":"product_cat","embeddable":true,"href":"https:\/\/chuzkashop.com\/en\/wp-json\/wp\/v2\/product_cat?post=4107"},{"taxonomy":"product_tag","embeddable":true,"href":"https:\/\/chuzkashop.com\/en\/wp-json\/wp\/v2\/product_tag?post=4107"}],"curies":[{"name":"wp","href":"https:\/\/api.w.org\/{rel}","templated":true}]}}