{"id":4167,"date":"2026-04-01T13:44:03","date_gmt":"2026-04-01T19:44:03","guid":{"rendered":"https:\/\/chuzkashop.com\/?post_type=product&#038;p=4167"},"modified":"2026-04-14T12:35:51","modified_gmt":"2026-04-14T18:35:51","slug":"cinturilla-de-control-alto-con-ajuste-y-moldeo-abdominal-ultrafit-skin-2","status":"publish","type":"product","link":"https:\/\/chuzkashop.com\/en\/product\/cinturilla-de-control-alto-con-ajuste-y-moldeo-abdominal-ultrafit-skin-2\/","title":{"rendered":"Cinturilla de control alto con ajuste y moldeo abdominal ultrafit skin"},"content":{"rendered":"<p><em><b>Referencia: 11508<\/b><\/em><\/p>\n<h2><strong>Detalles del Producto<\/strong><\/h2>\n<p>La Cinturilla Ultra Fit Skin de control alto, en powernet y lycra, reduce hasta 2 cm en la cintura, moldeando abdomen, espalda y torso. Su dise\u00f1o ajustable en hombros y abdomen con 4 niveles asegura un ajuste perfecto y mejora la postura.<br \/>\nForrada en lycra suave, hidrata y favorece la cicatrizaci\u00f3n de la piel, ofreciendo comodidad diaria mientras estiliza la figura.<\/p>\n<h3><span style=\"font-weight: 400;\">Beneficios<\/span><\/h3>\n<table>\n<tbody>\n<tr>\n<td>\n<ul>\n<li style=\"font-weight: 400;\" aria-level=\"1\"><span style=\"font-weight: 400;\">La cinturilla Ultra Fit Skin permite lucir 2 cm menos ya que genera compresi\u00f3n en el abdomen alto, medio y bajo.<\/span><\/li>\n<li style=\"font-weight: 400;\" aria-level=\"1\"><span style=\"font-weight: 400;\">Dise\u00f1ada con dos tallas menos en la medida luciendo m\u00e1s definida.<\/span><\/li>\n<li style=\"font-weight: 400;\" aria-level=\"1\"><span style=\"font-weight: 400;\">Sistema de ajuste en los hombros con abrochadura de 4 niveles y dos ganchos, facilita una mejor postura.<\/span><\/li>\n<li style=\"font-weight: 400;\" aria-level=\"1\"><span style=\"font-weight: 400;\">Sus 5 varillas en frente y posterior permiten que se conserve la figura de la faja y estiliza el cuerpo.<\/span><\/li>\n<li style=\"font-weight: 400;\" aria-level=\"1\"><span style=\"font-weight: 400;\">Forrada en lycra suave al tacto con propiedades que brindan m\u00faltiples beneficios a la piel.<\/span><\/li>\n<li style=\"font-weight: 400;\" aria-level=\"1\"><span style=\"font-weight: 400;\">Abrochadura de 4 niveles y 17 ganchos ideal para adaptarla a la medida o para elegir el nivel de control deseado.<\/span><\/li>\n<\/ul>\n<\/td>\n<\/tr>\n<\/tbody>\n<\/table>\n<h3><span style=\"font-weight: 400;\">Caracter\u00edsticas<\/span><\/h3>\n<table>\n<tbody>\n<tr>\n<td><b>Color<\/b><\/td>\n<td><span style=\"font-weight: 400;\">Cocoa<\/span><\/td>\n<\/tr>\n<tr>\n<td><b>Usos recomendados<\/b><\/td>\n<td><span style=\"font-weight: 400;\">Uso diario, Postparto<\/span><\/td>\n<\/tr>\n<tr>\n<td><b>Nivel de control<\/b><\/td>\n<td><span style=\"font-weight: 400;\">Alto<\/span><\/td>\n<\/tr>\n<tr>\n<td><b>Zona de moldeo<\/b><\/td>\n<td><span style=\"font-weight: 400;\">Abdominal y Espalda<\/span><\/td>\n<\/tr>\n<tr>\n<td><b>Mecanismos de ajuste<\/b><\/td>\n<td><span style=\"font-weight: 400;\">Broche<\/span><\/td>\n<\/tr>\n<tr>\n<td><b>Material<\/b><\/td>\n<td><span style=\"font-weight: 400;\">Powernet, Lycra control<\/span><\/td>\n<\/tr>\n<tr>\n<td><b>Estilo<\/b><\/td>\n<td><span style=\"font-weight: 400;\">Cinturilla<\/span><\/td>\n<\/tr>\n<\/tbody>\n<\/table>\n<h3><span style=\"font-weight: 400;\">Guia de Tallas<\/span><\/h3>\n<p>Instrucciones para Elegir y Usar tu Faja<\/p>\n<ul>\n<li style=\"font-weight: 400;\" aria-level=\"1\"><span style=\"font-weight: 400;\">Para fajas postquir\u00fargicas, sigue siempre las recomendaciones de tu m\u00e9dico.<\/span><\/li>\n<li style=\"font-weight: 400;\" aria-level=\"1\"><span style=\"font-weight: 400;\">Escoge el tipo de cola que prefieras para resaltar tus curvas.<\/span><\/li>\n<li style=\"font-weight: 400;\" aria-level=\"1\"><span style=\"font-weight: 400;\">Elige entre compresi\u00f3n media o alta, ajustando los broches seg\u00fan te sea m\u00e1s c\u00f3modo.<\/span><\/li>\n<li style=\"font-weight: 400;\" aria-level=\"1\"><span style=\"font-weight: 400;\">Es clave escoger la talla adecuada. Si es para postquir\u00fargico, considera la inflamaci\u00f3n y, si est\u00e1s entre dos tallas, opta por la m\u00e1s grande.<\/span><\/li>\n<li style=\"font-weight: 400;\" aria-level=\"1\"><span style=\"font-weight: 400;\">Lava tu faja con nuestro jab\u00f3n especializado para prolongar la vida de los componentes Viveltex.<\/span><\/li>\n<\/ul>\n<p>C\u00f3mo Colocarse la Faja<\/p>\n<ol>\n<li style=\"font-weight: 400;\" aria-level=\"1\"><span style=\"font-weight: 400;\">Verifica que la faja est\u00e9 en el lado correcto.<\/span><\/li>\n<li style=\"font-weight: 400;\" aria-level=\"1\"><span style=\"font-weight: 400;\">Pasa la faja con cuidado por las piernas.<\/span><\/li>\n<li style=\"font-weight: 400;\" aria-level=\"1\"><span style=\"font-weight: 400;\">Ajusta la silicona alrededor de las piernas.<\/span><\/li>\n<li style=\"font-weight: 400;\" aria-level=\"1\"><span style=\"font-weight: 400;\">Sube la faja hasta los gl\u00fateos y acom\u00f3dala.<\/span><\/li>\n<li style=\"font-weight: 400;\" aria-level=\"1\"><span style=\"font-weight: 400;\">Coloca las tiras y abrocha seg\u00fan el nivel de compresi\u00f3n que desees.<\/span><\/li>\n<li style=\"font-weight: 400;\" aria-level=\"1\"><span style=\"font-weight: 400;\">Aseg\u00farate de que la faja est\u00e9 bien ajustada.<\/span><\/li>\n<\/ol>","protected":false},"excerpt":{"rendered":"<p>Referencia: 11508 Detalles del Producto La Cinturilla Ultra Fit Skin de control alto, en powernet y lycra, reduce hasta 2 cm en la cintura, moldeando abdomen, espalda y torso. Su dise\u00f1o ajustable en hombros y abdomen con 4 niveles asegura un ajuste perfecto y mejora la postura. Forrada en lycra suave, hidrata y favorece la [&hellip;]<\/p>","protected":false},"featured_media":4174,"comment_status":"open","ping_status":"closed","template":"","meta":{"_acf_changed":false},"product_brand":[],"product_cat":[18],"product_tag":[],"class_list":{"0":"post-4167","1":"product","2":"type-product","3":"status-publish","4":"has-post-thumbnail","6":"product_cat-fajas-colombianas-de-la-marca-fajate","7":"pa_color-cocoa","8":"pa_talla-s","9":"pa_talla-m","10":"pa_talla-l","11":"pa_talla-xl","12":"pa_talla-2xl","13":"pa_talla-3xl","15":"first","16":"instock","17":"shipping-taxable","18":"purchasable","19":"product-type-variable"},"acf":[],"_links":{"self":[{"href":"https:\/\/chuzkashop.com\/en\/wp-json\/wp\/v2\/product\/4167","targetHints":{"allow":["GET"]}}],"collection":[{"href":"https:\/\/chuzkashop.com\/en\/wp-json\/wp\/v2\/product"}],"about":[{"href":"https:\/\/chuzkashop.com\/en\/wp-json\/wp\/v2\/types\/product"}],"replies":[{"embeddable":true,"href":"https:\/\/chuzkashop.com\/en\/wp-json\/wp\/v2\/comments?post=4167"}],"wp:featuredmedia":[{"embeddable":true,"href":"https:\/\/chuzkashop.com\/en\/wp-json\/wp\/v2\/media\/4174"}],"wp:attachment":[{"href":"https:\/\/chuzkashop.com\/en\/wp-json\/wp\/v2\/media?parent=4167"}],"wp:term":[{"taxonomy":"product_brand","embeddable":true,"href":"https:\/\/chuzkashop.com\/en\/wp-json\/wp\/v2\/product_brand?post=4167"},{"taxonomy":"product_cat","embeddable":true,"href":"https:\/\/chuzkashop.com\/en\/wp-json\/wp\/v2\/product_cat?post=4167"},{"taxonomy":"product_tag","embeddable":true,"href":"https:\/\/chuzkashop.com\/en\/wp-json\/wp\/v2\/product_tag?post=4167"}],"curies":[{"name":"wp","href":"https:\/\/api.w.org\/{rel}","templated":true}]}}