{"id":4177,"date":"2026-04-01T13:44:02","date_gmt":"2026-04-01T19:44:02","guid":{"rendered":"https:\/\/chuzkashop.com\/?post_type=product&#038;p=4177"},"modified":"2026-04-14T12:36:58","modified_gmt":"2026-04-14T18:36:58","slug":"panty-alto-con-ultrarealce-de-gluteos-y-control-fuerte-en-abdomen-y-piernas-2","status":"publish","type":"product","link":"https:\/\/chuzkashop.com\/en\/product\/panty-alto-con-ultrarealce-de-gluteos-y-control-fuerte-en-abdomen-y-piernas-2\/","title":{"rendered":"Panty alto con ultrarealce de gl\u00fateos y control fuerte en abdomen y piernas"},"content":{"rendered":"<p><strong><em>Referencia: 11518<\/em><\/strong><\/p>\n<h2><strong>Detalles del Producto<\/strong><\/h2>\n<p>Panty faja de ultrarealce que define y redondea los gl\u00fateos sin cirug\u00eda. Su powernet brinda alto control en abdomen y caderas, moldeando la figura.<\/p>\n<p>El dise\u00f1o sin abrochaduras es c\u00f3modo e imperceptible. Forrada en lycra con microc\u00e1psulas Viveltex Protec, cuida la piel, mientras la silicona antideslizante mantiene la prenda en su lugar<\/p>\n<h3><span style=\"font-weight: 400;\">Beneficios<\/span><\/h3>\n<table>\n<tbody>\n<tr>\n<td>\n<ul>\n<li style=\"font-weight: 400;\" aria-level=\"1\"><span style=\"font-weight: 400;\">Panty faja con refuerzo abdominal medio, bajo y cadera.<\/span><\/li>\n<li style=\"font-weight: 400;\" aria-level=\"1\"><span style=\"font-weight: 400;\">Silueta media pierna.<\/span><\/li>\n<li style=\"font-weight: 400;\" aria-level=\"1\"><span style=\"font-weight: 400;\">Efecto ultra realce y levanta cola que define los gl\u00fateos con sus costuras.<\/span><\/li>\n<li style=\"font-weight: 400;\" aria-level=\"1\"><span style=\"font-weight: 400;\">Tela interna que aporta m\u00faltiples beneficios a la piel.<\/span><\/li>\n<li style=\"font-weight: 400;\" aria-level=\"1\"><span style=\"font-weight: 400;\">El\u00e1stico en el centro de los gl\u00fateos que genera un efecto de m\u00e1s volumen y levantamiento.<\/span><\/li>\n<li style=\"font-weight: 400;\" aria-level=\"1\"><span style=\"font-weight: 400;\">Detalle delicado de encaje con silicona en las piernas que permite la correcta sujeci\u00f3n.<\/span><\/li>\n<li style=\"font-weight: 400;\" aria-level=\"1\"><span style=\"font-weight: 400;\">El\u00e1stico con silicona interna antideslizante que permite que la prenda se mantenga en su lugar.<\/span><\/li>\n<\/ul>\n<\/td>\n<\/tr>\n<\/tbody>\n<\/table>\n<h3><span style=\"font-weight: 400;\">Caracter\u00edsticas<\/span><\/h3>\n<table>\n<tbody>\n<tr>\n<td><b>Color<\/b><\/td>\n<td><span style=\"font-weight: 400;\">Cocoa<\/span><\/td>\n<\/tr>\n<tr>\n<td><b>Usos recomendados<\/b><\/td>\n<td><span style=\"font-weight: 400;\">Uso diario<\/span><\/td>\n<\/tr>\n<tr>\n<td><b>Nivel de control<\/b><\/td>\n<td><span style=\"font-weight: 400;\">Alto<\/span><\/td>\n<\/tr>\n<tr>\n<td><b>Zona de moldeo<\/b><\/td>\n<td><span style=\"font-weight: 400;\">Abdominal, Piernas, Espalda, Gl\u00fateos<\/span><\/td>\n<\/tr>\n<tr>\n<td><b>Mecanismos de ajuste<\/b><\/td>\n<td><span style=\"font-weight: 400;\">Liso<\/span><\/td>\n<\/tr>\n<tr>\n<td><b>Material<\/b><\/td>\n<td><span style=\"font-weight: 400;\">Powernet, Spandex<\/span><\/td>\n<\/tr>\n<tr>\n<td><b>Estilo<\/b><\/td>\n<td><span style=\"font-weight: 400;\">Media pierna<\/span><\/td>\n<\/tr>\n<\/tbody>\n<\/table>\n<h3><span style=\"font-weight: 400;\">Guia de Tallas<\/span><\/h3>\n<p>Instrucciones para Elegir y Usar tu Faja<\/p>\n<ul>\n<li style=\"font-weight: 400;\" aria-level=\"1\"><span style=\"font-weight: 400;\">Para fajas postquir\u00fargicas, sigue siempre las recomendaciones de tu m\u00e9dico.<\/span><\/li>\n<li style=\"font-weight: 400;\" aria-level=\"1\"><span style=\"font-weight: 400;\">Escoge el tipo de cola que prefieras para resaltar tus curvas.<\/span><\/li>\n<li style=\"font-weight: 400;\" aria-level=\"1\"><span style=\"font-weight: 400;\">Elige entre compresi\u00f3n media o alta, ajustando los broches seg\u00fan te sea m\u00e1s c\u00f3modo.<\/span><\/li>\n<li style=\"font-weight: 400;\" aria-level=\"1\"><span style=\"font-weight: 400;\">Es clave escoger la talla adecuada. Si es para postquir\u00fargico, considera la inflamaci\u00f3n y, si est\u00e1s entre dos tallas, opta por la m\u00e1s grande.<\/span><\/li>\n<li style=\"font-weight: 400;\" aria-level=\"1\"><span style=\"font-weight: 400;\">Lava tu faja con nuestro jab\u00f3n especializado para prolongar la vida de los componentes Viveltex.<\/span><\/li>\n<\/ul>\n<p>C\u00f3mo Colocarse la Faja<\/p>\n<ol>\n<li style=\"font-weight: 400;\" aria-level=\"1\"><span style=\"font-weight: 400;\">Verifica que la faja est\u00e9 en el lado correcto.<\/span><\/li>\n<li style=\"font-weight: 400;\" aria-level=\"1\"><span style=\"font-weight: 400;\">Pasa la faja con cuidado por las piernas.<\/span><\/li>\n<li style=\"font-weight: 400;\" aria-level=\"1\"><span style=\"font-weight: 400;\">Ajusta la silicona alrededor de las piernas.<\/span><\/li>\n<li style=\"font-weight: 400;\" aria-level=\"1\"><span style=\"font-weight: 400;\">Sube la faja hasta los gl\u00fateos y acom\u00f3dala.<\/span><\/li>\n<li style=\"font-weight: 400;\" aria-level=\"1\"><span style=\"font-weight: 400;\">Coloca las tiras y abrocha seg\u00fan el nivel de compresi\u00f3n que desees.<\/span><\/li>\n<li style=\"font-weight: 400;\" aria-level=\"1\"><span style=\"font-weight: 400;\">Aseg\u00farate de que la faja est\u00e9 bien ajustada.<\/span><\/li>\n<\/ol>","protected":false},"excerpt":{"rendered":"<p>Referencia: 11518 Detalles del Producto Panty faja de ultrarealce que define y redondea los gl\u00fateos sin cirug\u00eda. Su powernet brinda alto control en abdomen y caderas, moldeando la figura. El dise\u00f1o sin abrochaduras es c\u00f3modo e imperceptible. Forrada en lycra con microc\u00e1psulas Viveltex Protec, cuida la piel, mientras la silicona antideslizante mantiene la prenda en [&hellip;]<\/p>","protected":false},"featured_media":4184,"comment_status":"open","ping_status":"closed","template":"","meta":{"_acf_changed":false},"product_brand":[],"product_cat":[18],"product_tag":[],"class_list":{"0":"post-4177","1":"product","2":"type-product","3":"status-publish","4":"has-post-thumbnail","6":"product_cat-fajas-colombianas-de-la-marca-fajate","7":"pa_color-beige","8":"pa_color-cocoa","9":"pa_color-negro","10":"pa_talla-s","11":"pa_talla-m","12":"pa_talla-l","13":"pa_talla-xl","14":"pa_talla-2xl","16":"first","17":"instock","18":"shipping-taxable","19":"purchasable","20":"product-type-variable"},"acf":[],"_links":{"self":[{"href":"https:\/\/chuzkashop.com\/en\/wp-json\/wp\/v2\/product\/4177","targetHints":{"allow":["GET"]}}],"collection":[{"href":"https:\/\/chuzkashop.com\/en\/wp-json\/wp\/v2\/product"}],"about":[{"href":"https:\/\/chuzkashop.com\/en\/wp-json\/wp\/v2\/types\/product"}],"replies":[{"embeddable":true,"href":"https:\/\/chuzkashop.com\/en\/wp-json\/wp\/v2\/comments?post=4177"}],"wp:featuredmedia":[{"embeddable":true,"href":"https:\/\/chuzkashop.com\/en\/wp-json\/wp\/v2\/media\/4184"}],"wp:attachment":[{"href":"https:\/\/chuzkashop.com\/en\/wp-json\/wp\/v2\/media?parent=4177"}],"wp:term":[{"taxonomy":"product_brand","embeddable":true,"href":"https:\/\/chuzkashop.com\/en\/wp-json\/wp\/v2\/product_brand?post=4177"},{"taxonomy":"product_cat","embeddable":true,"href":"https:\/\/chuzkashop.com\/en\/wp-json\/wp\/v2\/product_cat?post=4177"},{"taxonomy":"product_tag","embeddable":true,"href":"https:\/\/chuzkashop.com\/en\/wp-json\/wp\/v2\/product_tag?post=4177"}],"curies":[{"name":"wp","href":"https:\/\/api.w.org\/{rel}","templated":true}]}}