{"id":4187,"date":"2026-04-01T13:44:01","date_gmt":"2026-04-01T19:44:01","guid":{"rendered":"https:\/\/chuzkashop.com\/?post_type=product&#038;p=4187"},"modified":"2026-04-14T12:46:33","modified_gmt":"2026-04-14T18:46:33","slug":"cinturilla-corset-strapless-de-alto-control-con-broches-cierre-invisible-y-varillas-2","status":"publish","type":"product","link":"https:\/\/chuzkashop.com\/en\/product\/cinturilla-corset-strapless-de-alto-control-con-broches-cierre-invisible-y-varillas-2\/","title":{"rendered":"Cinturilla corset strapless de alto control con broches, cierre invisible y varillas"},"content":{"rendered":"<p><em><b>Referencia: 11533<\/b><\/em><\/p>\n<h2>Detalles del Producto<\/h2>\n<p>La Cinturilla Corset Strapless de F\u00e1jate es tu aliada para moldear la figura con un control alto y de forma discreta. Dise\u00f1ada con un cierre frontal invisible y 4 niveles de ajuste, te permite un calce perfecto y personalizado. Sus varillas internas estilizan la zona del abdomen y la espalda, garantizando una figura m\u00e1s definida y elegante.<\/p>\n<p>Esta cinturilla combina una capa externa de Power Tela para una compresi\u00f3n \u00f3ptima con una capa interna de lycra con tecnolog\u00eda Outlast, que ayuda a regular la temperatura de tu cuerpo, manteni\u00e9ndote siempre c\u00f3moda. Es la prenda ideal para quienes buscan una silueta impecable y bienestar total.<\/p>\n<h3><b>Beneficios<\/b><\/h3>\n<table>\n<tbody>\n<tr>\n<td>\n<ol>\n<li style=\"font-weight: 400;\" aria-level=\"1\"><b>Capa interna de powernet que genera compresi\u00f3n mediana y forro lycra interna que brinda m\u00faltiples beneficios a la piel.<\/b><\/li>\n<li style=\"font-weight: 400;\" aria-level=\"1\"><b>Prenda con componentes y tecnolog\u00eda Outlast<\/b><\/li>\n<li style=\"font-weight: 400;\" aria-level=\"1\"><b>Varillas frontales y posteriores para un buen ajuste de la prenda, evitando que se deforme y estilizando la figura.<\/b><\/li>\n<li style=\"font-weight: 400;\" aria-level=\"1\"><b>Abrochadura de 4 niveles de ajuste y cierre frontal que brinda mayor discreci\u00f3n<\/b><\/li>\n<li style=\"font-weight: 400;\" aria-level=\"1\"><b>Cargaderas graduables de acuerdo a la necesidad<\/b><\/li>\n<li style=\"font-weight: 400;\" aria-level=\"1\"><b>Agradable aroma<\/b><\/li>\n<li style=\"font-weight: 400;\" aria-level=\"1\"><b>Secado r\u00e1pido y fresco<\/b><\/li>\n<\/ol>\n<\/td>\n<\/tr>\n<\/tbody>\n<\/table>\n<h3><b>Caracter\u00edsticas<\/b><\/h3>\n<table>\n<tbody>\n<tr>\n<td><b>Color<\/b><\/td>\n<td><b>Cocoa, Negro<\/b><\/td>\n<\/tr>\n<tr>\n<td><b>Usos recomendados<\/b><\/td>\n<td><b>Uso diario<\/b><\/td>\n<\/tr>\n<tr>\n<td><b>Nivel de control<\/b><\/td>\n<td><b>Alto<\/b><\/td>\n<\/tr>\n<tr>\n<td><b>Zona de moldeo<\/b><\/td>\n<td><b>Abdomen y Espalda<\/b><\/td>\n<\/tr>\n<tr>\n<td><b>Mecanismos de ajuste<\/b><\/td>\n<td><b>Broche, Cierre<\/b><\/td>\n<\/tr>\n<tr>\n<td><b>Material<\/b><\/td>\n<td><b>Powernet<\/b><\/td>\n<\/tr>\n<tr>\n<td><b>Estilo<\/b><\/td>\n<td><b>Cinturilla<\/b><\/td>\n<\/tr>\n<\/tbody>\n<\/table>\n<h3><span style=\"font-weight: 400;\">Guia de Tallas<\/span><\/h3>\n<p>Instrucciones para Elegir y Usar tu Faja<\/p>\n<ul>\n<li style=\"font-weight: 400;\" aria-level=\"1\"><span style=\"font-weight: 400;\">Para fajas postquir\u00fargicas, sigue siempre las recomendaciones de tu m\u00e9dico.<\/span><\/li>\n<li style=\"font-weight: 400;\" aria-level=\"1\"><span style=\"font-weight: 400;\">Escoge el tipo de cola que prefieras para resaltar tus curvas.<\/span><\/li>\n<li style=\"font-weight: 400;\" aria-level=\"1\"><span style=\"font-weight: 400;\">Elige entre compresi\u00f3n media o alta, ajustando los broches seg\u00fan te sea m\u00e1s c\u00f3modo.<\/span><\/li>\n<li style=\"font-weight: 400;\" aria-level=\"1\"><span style=\"font-weight: 400;\">Es clave escoger la talla adecuada. Si es para postquir\u00fargico, considera la inflamaci\u00f3n y, si est\u00e1s entre dos tallas, opta por la m\u00e1s grande.<\/span><\/li>\n<li style=\"font-weight: 400;\" aria-level=\"1\"><span style=\"font-weight: 400;\">Lava tu faja con nuestro jab\u00f3n especializado para prolongar la vida de los componentes Viveltex.<\/span><\/li>\n<\/ul>\n<p>C\u00f3mo Colocarse la Faja<\/p>\n<ol>\n<li style=\"font-weight: 400;\" aria-level=\"1\"><span style=\"font-weight: 400;\">Verifica que la faja est\u00e9 en el lado correcto.<\/span><\/li>\n<li style=\"font-weight: 400;\" aria-level=\"1\"><span style=\"font-weight: 400;\">Pasa la faja con cuidado por las piernas.<\/span><\/li>\n<li style=\"font-weight: 400;\" aria-level=\"1\"><span style=\"font-weight: 400;\">Ajusta la silicona alrededor de las piernas.<\/span><\/li>\n<li style=\"font-weight: 400;\" aria-level=\"1\"><span style=\"font-weight: 400;\">Sube la faja hasta los gl\u00fateos y acom\u00f3dala.<\/span><\/li>\n<li style=\"font-weight: 400;\" aria-level=\"1\"><span style=\"font-weight: 400;\">Coloca las tiras y abrocha seg\u00fan el nivel de compresi\u00f3n que desees.<\/span><\/li>\n<li style=\"font-weight: 400;\" aria-level=\"1\"><span style=\"font-weight: 400;\">Aseg\u00farate de que la faja est\u00e9 bien ajustada.<\/span><\/li>\n<\/ol>","protected":false},"excerpt":{"rendered":"<p>Referencia: 11533 Detalles del Producto La Cinturilla Corset Strapless de F\u00e1jate es tu aliada para moldear la figura con un control alto y de forma discreta. Dise\u00f1ada con un cierre frontal invisible y 4 niveles de ajuste, te permite un calce perfecto y personalizado. Sus varillas internas estilizan la zona del abdomen y la espalda, [&hellip;]<\/p>","protected":false},"featured_media":4194,"comment_status":"open","ping_status":"closed","template":"","meta":{"_acf_changed":false},"product_brand":[],"product_cat":[18],"product_tag":[],"class_list":{"0":"post-4187","1":"product","2":"type-product","3":"status-publish","4":"has-post-thumbnail","6":"product_cat-fajas-colombianas-de-la-marca-fajate","7":"pa_color-cocoa","8":"pa_color-negro","9":"pa_talla-s","10":"pa_talla-m","11":"pa_talla-l","12":"pa_talla-xl","13":"pa_talla-2xl","15":"first","16":"instock","17":"shipping-taxable","18":"purchasable","19":"product-type-variable"},"acf":[],"_links":{"self":[{"href":"https:\/\/chuzkashop.com\/en\/wp-json\/wp\/v2\/product\/4187","targetHints":{"allow":["GET"]}}],"collection":[{"href":"https:\/\/chuzkashop.com\/en\/wp-json\/wp\/v2\/product"}],"about":[{"href":"https:\/\/chuzkashop.com\/en\/wp-json\/wp\/v2\/types\/product"}],"replies":[{"embeddable":true,"href":"https:\/\/chuzkashop.com\/en\/wp-json\/wp\/v2\/comments?post=4187"}],"wp:featuredmedia":[{"embeddable":true,"href":"https:\/\/chuzkashop.com\/en\/wp-json\/wp\/v2\/media\/4194"}],"wp:attachment":[{"href":"https:\/\/chuzkashop.com\/en\/wp-json\/wp\/v2\/media?parent=4187"}],"wp:term":[{"taxonomy":"product_brand","embeddable":true,"href":"https:\/\/chuzkashop.com\/en\/wp-json\/wp\/v2\/product_brand?post=4187"},{"taxonomy":"product_cat","embeddable":true,"href":"https:\/\/chuzkashop.com\/en\/wp-json\/wp\/v2\/product_cat?post=4187"},{"taxonomy":"product_tag","embeddable":true,"href":"https:\/\/chuzkashop.com\/en\/wp-json\/wp\/v2\/product_tag?post=4187"}],"curies":[{"name":"wp","href":"https:\/\/api.w.org\/{rel}","templated":true}]}}