{"id":4244,"date":"2026-04-01T13:43:58","date_gmt":"2026-04-01T19:43:58","guid":{"rendered":"https:\/\/chuzkashop.com\/?post_type=product&#038;p=4244"},"modified":"2026-04-14T12:49:12","modified_gmt":"2026-04-14T18:49:12","slug":"panty-moldeador-hasta-la-rodilla-con-control-medio-y-realce-de-gluteos","status":"publish","type":"product","link":"https:\/\/chuzkashop.com\/en\/product\/panty-moldeador-hasta-la-rodilla-con-control-medio-y-realce-de-gluteos\/","title":{"rendered":"Panty moldeador hasta la rodilla con control medio y realce de gl\u00fateos"},"content":{"rendered":"<h4><em><strong>Referencia: 11477<\/strong><\/em><\/h4>\n<h2>Detalles del Producto<\/h2>\n<p>Faja panty moldeadora de control medio, ideal para definir la figura desde el bajo busto hasta la rodilla. Fabricada con licra suave, realza las curvas y ofrece un doble control abdominal que estiliza y mantiene firme el abdomen. El el\u00e1stico superior con silicona antideslizante asegura que la prenda se mantenga en su lugar durante todo el d\u00eda.<br \/>\nEsta faja es perfecta para disimular la celulitis, gracias a sus costuras planas que no irritan la piel. Adem\u00e1s, moldea los gl\u00fateos para una apariencia redondeada y cuenta con un huevo perineal que facilita las idas al ba\u00f1o. Ideal para usar con vestidos, jeans o pantalones, proporcionando comodidad y estilo.<\/p>\n<h3><b>Beneficios<\/b><\/h3>\n<table>\n<tbody>\n<tr>\n<td>\n<ul>\n<li style=\"font-weight: 400;\" aria-level=\"1\"><b>Faja panti de control medio que moldea muslos, abdomen, parte baja de la espalda y gl\u00fateos<\/b><\/li>\n<li style=\"font-weight: 400;\" aria-level=\"1\"><b>Moldea la silueta desde la base del busto hasta la mitad de las piernas<\/b><\/li>\n<li style=\"font-weight: 400;\" aria-level=\"1\"><b>Doble refuerzo abdominal que controla y da firmeza<\/b><\/li>\n<li style=\"font-weight: 400;\" aria-level=\"1\"><b>Disimula la celulitis<\/b><\/li>\n<li style=\"font-weight: 400;\" aria-level=\"1\"><b>El\u00e1stico antideslizante en la base del busto que facilita que la prenda permanezca en su lugar<\/b><\/li>\n<li style=\"font-weight: 400;\" aria-level=\"1\"><b>Imperceptible bajo la ropa con costuras planas que no maltratan la piel<\/b><\/li>\n<li style=\"font-weight: 400;\" aria-level=\"1\"><b>Huevo perineal que facilita las idas al ba\u00f1o<\/b><\/li>\n<li style=\"font-weight: 400;\" aria-level=\"1\"><b>Uso para jeans, vestidos o pantalones<\/b><\/li>\n<\/ul>\n<\/td>\n<\/tr>\n<\/tbody>\n<\/table>\n<h3><b>Caracter\u00edsticas<\/b><\/h3>\n<table>\n<tbody>\n<tr>\n<td><b>Color<\/b><\/td>\n<td><b>Cocoa<\/b><\/td>\n<\/tr>\n<tr>\n<td><b>Usos recomendados<\/b><\/td>\n<td><b>Uso diario<\/b><\/td>\n<\/tr>\n<tr>\n<td><b>Nivel de control<\/b><\/td>\n<td><b>Medio<\/b><\/td>\n<\/tr>\n<tr>\n<td><b>Zona de moldeo<\/b><\/td>\n<td><b>Abdominal, Piernas y Gl\u00fateos<\/b><\/td>\n<\/tr>\n<tr>\n<td><b>Mecanismos de ajuste<\/b><\/td>\n<td><b>Liso<\/b><\/td>\n<\/tr>\n<tr>\n<td><b>Material<\/b><\/td>\n<td><b>Spandex<\/b><\/td>\n<\/tr>\n<tr>\n<td><b>Estilo<\/b><\/td>\n<td><b>A la rodilla<\/b><\/td>\n<\/tr>\n<\/tbody>\n<\/table>\n<h3><span style=\"font-weight: 400;\">Guia de Tallas<\/span><\/h3>\n<p>Instrucciones para Elegir y Usar tu Faja<\/p>\n<ul>\n<li style=\"font-weight: 400;\" aria-level=\"1\"><span style=\"font-weight: 400;\">Para fajas postquir\u00fargicas, sigue siempre las recomendaciones de tu m\u00e9dico.<\/span><\/li>\n<li style=\"font-weight: 400;\" aria-level=\"1\"><span style=\"font-weight: 400;\">Escoge el tipo de cola que prefieras para resaltar tus curvas.<\/span><\/li>\n<li style=\"font-weight: 400;\" aria-level=\"1\"><span style=\"font-weight: 400;\">Elige entre compresi\u00f3n media o alta, ajustando los broches seg\u00fan te sea m\u00e1s c\u00f3modo.<\/span><\/li>\n<li style=\"font-weight: 400;\" aria-level=\"1\"><span style=\"font-weight: 400;\">Es clave escoger la talla adecuada. Si es para postquir\u00fargico, considera la inflamaci\u00f3n y, si est\u00e1s entre dos tallas, opta por la m\u00e1s grande.<\/span><\/li>\n<li style=\"font-weight: 400;\" aria-level=\"1\"><span style=\"font-weight: 400;\">Lava tu faja con nuestro jab\u00f3n especializado para prolongar la vida de los componentes Viveltex.<\/span><\/li>\n<\/ul>\n<p>C\u00f3mo Colocarse la Faja<\/p>\n<ol>\n<li style=\"font-weight: 400;\" aria-level=\"1\"><span style=\"font-weight: 400;\">Verifica que la faja est\u00e9 en el lado correcto.<\/span><\/li>\n<li style=\"font-weight: 400;\" aria-level=\"1\"><span style=\"font-weight: 400;\">Pasa la faja con cuidado por las piernas.<\/span><\/li>\n<li style=\"font-weight: 400;\" aria-level=\"1\"><span style=\"font-weight: 400;\">Ajusta la silicona alrededor de las piernas.<\/span><\/li>\n<li style=\"font-weight: 400;\" aria-level=\"1\"><span style=\"font-weight: 400;\">Sube la faja hasta los gl\u00fateos y acom\u00f3dala.<\/span><\/li>\n<li style=\"font-weight: 400;\" aria-level=\"1\"><span style=\"font-weight: 400;\">Coloca las tiras y abrocha seg\u00fan el nivel de compresi\u00f3n que desees.<\/span><\/li>\n<li style=\"font-weight: 400;\" aria-level=\"1\"><span style=\"font-weight: 400;\">Aseg\u00farate de que la faja est\u00e9 bien ajustada.<\/span><\/li>\n<\/ol>","protected":false},"excerpt":{"rendered":"<p>Referencia: 11477 Detalles del Producto Faja panty moldeadora de control medio, ideal para definir la figura desde el bajo busto hasta la rodilla. Fabricada con licra suave, realza las curvas y ofrece un doble control abdominal que estiliza y mantiene firme el abdomen. El el\u00e1stico superior con silicona antideslizante asegura que la prenda se mantenga [&hellip;]<\/p>","protected":false},"featured_media":4251,"comment_status":"open","ping_status":"closed","template":"","meta":{"_acf_changed":false},"product_brand":[],"product_cat":[18],"product_tag":[],"class_list":{"0":"post-4244","1":"product","2":"type-product","3":"status-publish","4":"has-post-thumbnail","6":"product_cat-fajas-colombianas-de-la-marca-fajate","7":"pa_color-cocoa","8":"pa_talla-s","9":"pa_talla-m","10":"pa_talla-l","11":"pa_talla-xl","12":"pa_talla-2xl","13":"pa_talla-3xl","15":"first","16":"instock","17":"shipping-taxable","18":"purchasable","19":"product-type-variable"},"acf":[],"_links":{"self":[{"href":"https:\/\/chuzkashop.com\/en\/wp-json\/wp\/v2\/product\/4244","targetHints":{"allow":["GET"]}}],"collection":[{"href":"https:\/\/chuzkashop.com\/en\/wp-json\/wp\/v2\/product"}],"about":[{"href":"https:\/\/chuzkashop.com\/en\/wp-json\/wp\/v2\/types\/product"}],"replies":[{"embeddable":true,"href":"https:\/\/chuzkashop.com\/en\/wp-json\/wp\/v2\/comments?post=4244"}],"wp:featuredmedia":[{"embeddable":true,"href":"https:\/\/chuzkashop.com\/en\/wp-json\/wp\/v2\/media\/4251"}],"wp:attachment":[{"href":"https:\/\/chuzkashop.com\/en\/wp-json\/wp\/v2\/media?parent=4244"}],"wp:term":[{"taxonomy":"product_brand","embeddable":true,"href":"https:\/\/chuzkashop.com\/en\/wp-json\/wp\/v2\/product_brand?post=4244"},{"taxonomy":"product_cat","embeddable":true,"href":"https:\/\/chuzkashop.com\/en\/wp-json\/wp\/v2\/product_cat?post=4244"},{"taxonomy":"product_tag","embeddable":true,"href":"https:\/\/chuzkashop.com\/en\/wp-json\/wp\/v2\/product_tag?post=4244"}],"curies":[{"name":"wp","href":"https:\/\/api.w.org\/{rel}","templated":true}]}}