{"id":4254,"date":"2026-04-01T13:43:57","date_gmt":"2026-04-01T19:43:57","guid":{"rendered":"https:\/\/chuzkashop.com\/?post_type=product&#038;p=4254"},"modified":"2026-04-14T12:49:57","modified_gmt":"2026-04-14T18:49:57","slug":"faja-de-alta-compresion-con-varillas-para-moldear-cintura-y-abdomen","status":"publish","type":"product","link":"https:\/\/chuzkashop.com\/en\/product\/faja-de-alta-compresion-con-varillas-para-moldear-cintura-y-abdomen\/","title":{"rendered":"Faja de alta compresi\u00f3n con varillas para moldear cintura y abdomen"},"content":{"rendered":"<h4><em><b>Referencia: 11478<\/b><\/em><\/h4>\n<h2><span style=\"font-weight: 400;\">Detalles del Producto<\/span><\/h2>\n<p>Faja ultrafit skin con varillas, ideal para moldear y resaltar las curvas. Ofrece alta compresi\u00f3n para definir la cintura y proporciona un contorno curvil\u00edneo al instante, especialmente en el abdomen bajo. Ayuda a corregir la postura, reducir la apariencia de los rollitos y mejora la figura.<br \/>\nCon 4 niveles de abrochadura y 17 ganchos en la parte frontal, m\u00e1s 4 niveles en los hombros, garantiza un ajuste perfecto. Las 4 varillas mantienen el molde y previenen que la faja pierda forma. Su falso perineal y tabla lumbar ofrecen comodidad y alivian molestias postquir\u00fargicas. Aseg\u00farate de medir cintura y caderas para un ajuste adecuado.<\/p>\n<h3><span style=\"font-weight: 400;\">Beneficios<\/span><\/h3>\n<table>\n<tbody>\n<tr>\n<td>\n<ul>\n<li style=\"font-weight: 400;\" aria-level=\"1\"><span style=\"font-weight: 400;\">Faja postquir\u00fargica silueta de cuerpo de guitarra que moldea y resalta las curvas, reduciendo visualmente la cintura y destacando los gl\u00fateos.<\/span><\/li>\n<li style=\"font-weight: 400;\" aria-level=\"1\"><span style=\"font-weight: 400;\">Control abdominal adicional.<\/span><\/li>\n<li style=\"font-weight: 400;\" aria-level=\"1\"><span style=\"font-weight: 400;\">Funciona como corrector de postura, mejorando la apariencia.<\/span><\/li>\n<li style=\"font-weight: 400;\" aria-level=\"1\"><span style=\"font-weight: 400;\">Previene los dolores asociados a la mala postura.<\/span><\/li>\n<li style=\"font-weight: 400;\" aria-level=\"1\"><span style=\"font-weight: 400;\">Cuenta con una tabla lumbar en la parte posterior que evita la retenci\u00f3n de l\u00edquidos favoreciendo el drenaje de estos.<\/span><\/li>\n<li style=\"font-weight: 400;\" aria-level=\"1\"><span style=\"font-weight: 400;\">Abrochadura de 4 niveles y 17 ganchos en su parte frontal y en los hombros una abrochadura de 4 niveles por 2 ganchos en cada uno para mayor ajuste.<\/span><\/li>\n<li style=\"font-weight: 400;\" aria-level=\"1\"><span style=\"font-weight: 400;\">Falso perineal para brindar comodidad en las idas al ba\u00f1o.<\/span><\/li>\n<li style=\"font-weight: 400;\" aria-level=\"1\"><span style=\"font-weight: 400;\">4 varillas que estilizan y no permiten que la estructura pierda la figura.<\/span><\/li>\n<li style=\"font-weight: 400;\" aria-level=\"1\"><span style=\"font-weight: 400;\">Delicado encaje en la pierna con silicona ideal para su perfecta sujeci\u00f3n.<\/span><\/li>\n<li style=\"font-weight: 400;\" aria-level=\"1\"><span style=\"font-weight: 400;\">La composici\u00f3n de sus dos telas, una de control y su licra, forman el d\u00fao perfecto para el moldeamiento y compresi\u00f3n, liberando al contacto con la piel microc\u00e1psulas que hidratan y coayudan al proceso de cicatrizaci\u00f3n y recuperaci\u00f3n.<\/span><\/li>\n<\/ul>\n<\/td>\n<\/tr>\n<\/tbody>\n<\/table>\n<h3><span style=\"font-weight: 400;\">Caracter\u00edsticas<\/span><\/h3>\n<table>\n<tbody>\n<tr>\n<td><b>Color<\/b><\/td>\n<td><span style=\"font-weight: 400;\">Cocoa<\/span><\/td>\n<\/tr>\n<tr>\n<td><b>Nivel de control<\/b><\/td>\n<td><span style=\"font-weight: 400;\">Alto<\/span><\/td>\n<\/tr>\n<tr>\n<td><b>Zona de moldeo<\/b><\/td>\n<td><span style=\"font-weight: 400;\">Abdominal, Gl\u00fateos<\/span><\/td>\n<\/tr>\n<tr>\n<td><b>Mecanismos de ajuste<\/b><\/td>\n<td><span style=\"font-weight: 400;\">Broche<\/span><\/td>\n<\/tr>\n<tr>\n<td><b>Material<\/b><\/td>\n<td><span style=\"font-weight: 400;\">powernet, spandex<\/span><\/td>\n<\/tr>\n<tr>\n<td><b>Estilo<\/b><\/td>\n<td><span style=\"font-weight: 400;\">Cachetera<\/span><\/td>\n<\/tr>\n<\/tbody>\n<\/table>\n<h3><span style=\"font-weight: 400;\">Guia de Tallas<\/span><\/h3>\n<p>Instrucciones para Elegir y Usar tu Faja<\/p>\n<ul>\n<li style=\"font-weight: 400;\" aria-level=\"1\"><span style=\"font-weight: 400;\">Para fajas postquir\u00fargicas, sigue siempre las recomendaciones de tu m\u00e9dico.<\/span><\/li>\n<li style=\"font-weight: 400;\" aria-level=\"1\"><span style=\"font-weight: 400;\">Escoge el tipo de cola que prefieras para resaltar tus curvas.<\/span><\/li>\n<li style=\"font-weight: 400;\" aria-level=\"1\"><span style=\"font-weight: 400;\">Elige entre compresi\u00f3n media o alta, ajustando los broches seg\u00fan te sea m\u00e1s c\u00f3modo.<\/span><\/li>\n<li style=\"font-weight: 400;\" aria-level=\"1\"><span style=\"font-weight: 400;\">Es clave escoger la talla adecuada. Si es para postquir\u00fargico, considera la inflamaci\u00f3n y, si est\u00e1s entre dos tallas, opta por la m\u00e1s grande.<\/span><\/li>\n<li style=\"font-weight: 400;\" aria-level=\"1\"><span style=\"font-weight: 400;\">Lava tu faja con nuestro jab\u00f3n especializado para prolongar la vida de los componentes Viveltex.<\/span><\/li>\n<\/ul>\n<p>C\u00f3mo Colocarse la Faja<\/p>\n<ol>\n<li style=\"font-weight: 400;\" aria-level=\"1\"><span style=\"font-weight: 400;\">Verifica que la faja est\u00e9 en el lado correcto.<\/span><\/li>\n<li style=\"font-weight: 400;\" aria-level=\"1\"><span style=\"font-weight: 400;\">Pasa la faja con cuidado por las piernas.<\/span><\/li>\n<li style=\"font-weight: 400;\" aria-level=\"1\"><span style=\"font-weight: 400;\">Ajusta la silicona alrededor de las piernas.<\/span><\/li>\n<li style=\"font-weight: 400;\" aria-level=\"1\"><span style=\"font-weight: 400;\">Sube la faja hasta los gl\u00fateos y acom\u00f3dala.<\/span><\/li>\n<li style=\"font-weight: 400;\" aria-level=\"1\"><span style=\"font-weight: 400;\">Coloca las tiras y abrocha seg\u00fan el nivel de compresi\u00f3n que desees.<\/span><\/li>\n<li style=\"font-weight: 400;\" aria-level=\"1\"><span style=\"font-weight: 400;\">Aseg\u00farate de que la faja est\u00e9 bien ajustada.<\/span><\/li>\n<\/ol>","protected":false},"excerpt":{"rendered":"<p>Referencia: 11478 Detalles del Producto Faja ultrafit skin con varillas, ideal para moldear y resaltar las curvas. Ofrece alta compresi\u00f3n para definir la cintura y proporciona un contorno curvil\u00edneo al instante, especialmente en el abdomen bajo. Ayuda a corregir la postura, reducir la apariencia de los rollitos y mejora la figura. Con 4 niveles de [&hellip;]<\/p>","protected":false},"featured_media":4261,"comment_status":"open","ping_status":"closed","template":"","meta":{"_acf_changed":false},"product_brand":[],"product_cat":[18],"product_tag":[],"class_list":{"0":"post-4254","1":"product","2":"type-product","3":"status-publish","4":"has-post-thumbnail","6":"product_cat-fajas-colombianas-de-la-marca-fajate","7":"pa_color-cocoa","8":"pa_talla-s","9":"pa_talla-m","10":"pa_talla-l","11":"pa_talla-xl","12":"pa_talla-2xl","13":"pa_talla-3xl","15":"first","16":"instock","17":"shipping-taxable","18":"purchasable","19":"product-type-variable"},"acf":[],"_links":{"self":[{"href":"https:\/\/chuzkashop.com\/en\/wp-json\/wp\/v2\/product\/4254","targetHints":{"allow":["GET"]}}],"collection":[{"href":"https:\/\/chuzkashop.com\/en\/wp-json\/wp\/v2\/product"}],"about":[{"href":"https:\/\/chuzkashop.com\/en\/wp-json\/wp\/v2\/types\/product"}],"replies":[{"embeddable":true,"href":"https:\/\/chuzkashop.com\/en\/wp-json\/wp\/v2\/comments?post=4254"}],"wp:featuredmedia":[{"embeddable":true,"href":"https:\/\/chuzkashop.com\/en\/wp-json\/wp\/v2\/media\/4261"}],"wp:attachment":[{"href":"https:\/\/chuzkashop.com\/en\/wp-json\/wp\/v2\/media?parent=4254"}],"wp:term":[{"taxonomy":"product_brand","embeddable":true,"href":"https:\/\/chuzkashop.com\/en\/wp-json\/wp\/v2\/product_brand?post=4254"},{"taxonomy":"product_cat","embeddable":true,"href":"https:\/\/chuzkashop.com\/en\/wp-json\/wp\/v2\/product_cat?post=4254"},{"taxonomy":"product_tag","embeddable":true,"href":"https:\/\/chuzkashop.com\/en\/wp-json\/wp\/v2\/product_tag?post=4254"}],"curies":[{"name":"wp","href":"https:\/\/api.w.org\/{rel}","templated":true}]}}