{"id":4350,"date":"2026-04-14T12:57:14","date_gmt":"2026-04-14T18:57:14","guid":{"rendered":"https:\/\/chuzkashop.com\/?post_type=product&#038;p=4350"},"modified":"2026-04-14T13:06:33","modified_gmt":"2026-04-14T19:06:33","slug":"faja-postquirurgica-media-pierna-con-brasier-de-alta-compresion","status":"publish","type":"product","link":"https:\/\/chuzkashop.com\/en\/product\/faja-postquirurgica-media-pierna-con-brasier-de-alta-compresion\/","title":{"rendered":"Faja postquir\u00fargica media pierna con brasier de alta compresi\u00f3n"},"content":{"rendered":"<h4><em><b>Referencia: 11215<\/b><\/em><\/h4>\n<h2><b>Detalles del Producto<\/b><\/h2>\n<p>Faja Postquir\u00fargica de Alta Compresi\u00f3n con Brasier y Estilo Media Pierna. Ideal para recuperaci\u00f3n, cicatrizaci\u00f3n y postparto, moldea la cintura, gl\u00fateos y busto. Su abrochadura de 3 niveles asegura un ajuste perfecto y proporciona soporte para una postura mejorada. El refuerzo abdominal y el cubrimiento de la espalda garantizan una compresi\u00f3n \u00f3ptima y un vientre liso.<br \/>\nCon costuras planas para mayor confort, esta faja tambi\u00e9n facilita la lactancia y la asepsia en cirug\u00edas est\u00e9ticas. 100% forrada para ofrecerte bienestar total durante todo el proceso de recuperaci\u00f3n.<\/p>\n<h3><b>Beneficios<\/b><\/h3>\n<table>\n<tbody>\n<tr>\n<td>\n<ul>\n<li style=\"font-weight: 400;\" aria-level=\"1\"><b>Forro interno con componentes Viveltex.<\/b><\/li>\n<li style=\"font-weight: 400;\" aria-level=\"1\"><b>Control completo del cuerpo.<\/b><\/li>\n<li style=\"font-weight: 400;\" aria-level=\"1\"><b>Brasier incorporado.<\/b><\/li>\n<li style=\"font-weight: 400;\" aria-level=\"1\"><b>Brasier con broches para facilitar limpieza de la zona en caso de pexias o amamantar.<\/b><\/li>\n<li style=\"font-weight: 400;\" aria-level=\"1\"><b>Realza y define los gl\u00fateos.<\/b><\/li>\n<li style=\"font-weight: 400;\" aria-level=\"1\"><b>Abrochadura con tres niveles de ajuste para controlar y definir tu abdomen alto, medio y bajo.<\/b><\/li>\n<li style=\"font-weight: 400;\" aria-level=\"1\"><b>Costuras planas o invisibles que no maltratan la piel.<\/b><\/li>\n<li style=\"font-weight: 400;\" aria-level=\"1\"><b>Dise\u00f1o corto perfecto para lucir prendas como faldas cortas o shorts.<\/b><\/li>\n<\/ul>\n<\/td>\n<\/tr>\n<\/tbody>\n<\/table>\n<h3><b>Caracter\u00edsticas<\/b><\/h3>\n<table>\n<tbody>\n<tr>\n<td><b>Color<\/b><\/td>\n<td><b>Cocoa, Negro<\/b><\/td>\n<\/tr>\n<tr>\n<td><b>Nivel de control<\/b><\/td>\n<td><b>Alto<\/b><\/td>\n<\/tr>\n<tr>\n<td><b>Zona de moldeo<\/b><\/td>\n<td><b>Abdominal y Gl\u00fateos<\/b><\/td>\n<\/tr>\n<tr>\n<td><b>Mecanismos de ajuste<\/b><\/td>\n<td><b>Broche<\/b><\/td>\n<\/tr>\n<tr>\n<td><b>Material<\/b><\/td>\n<td><b>Powernet, Lycra control<\/b><\/td>\n<\/tr>\n<tr>\n<td><b>Estilo<\/b><\/td>\n<td><b>Media pierna<\/b><\/td>\n<\/tr>\n<\/tbody>\n<\/table>\n<h3><span style=\"font-weight: 400;\">Guia de Tallas<\/span><\/h3>\n<p>Instrucciones para Elegir y Usar tu Faja<\/p>\n<ul>\n<li style=\"font-weight: 400;\" aria-level=\"1\"><span style=\"font-weight: 400;\">Para fajas postquir\u00fargicas, sigue siempre las recomendaciones de tu m\u00e9dico.<\/span><\/li>\n<li style=\"font-weight: 400;\" aria-level=\"1\"><span style=\"font-weight: 400;\">Escoge el tipo de cola que prefieras para resaltar tus curvas.<\/span><\/li>\n<li style=\"font-weight: 400;\" aria-level=\"1\"><span style=\"font-weight: 400;\">Elige entre compresi\u00f3n media o alta, ajustando los broches seg\u00fan te sea m\u00e1s c\u00f3modo.<\/span><\/li>\n<li style=\"font-weight: 400;\" aria-level=\"1\"><span style=\"font-weight: 400;\">Es clave escoger la talla adecuada. Si es para postquir\u00fargico, considera la inflamaci\u00f3n y, si est\u00e1s entre dos tallas, opta por la m\u00e1s grande.<\/span><\/li>\n<li style=\"font-weight: 400;\" aria-level=\"1\"><span style=\"font-weight: 400;\">Lava tu faja con nuestro jab\u00f3n especializado para prolongar la vida de los componentes Viveltex.<\/span><\/li>\n<\/ul>\n<p>C\u00f3mo Colocarse la Faja<\/p>\n<ol>\n<li style=\"font-weight: 400;\" aria-level=\"1\"><span style=\"font-weight: 400;\">Verifica que la faja est\u00e9 en el lado correcto.<\/span><\/li>\n<li style=\"font-weight: 400;\" aria-level=\"1\"><span style=\"font-weight: 400;\">Pasa la faja con cuidado por las piernas.<\/span><\/li>\n<li style=\"font-weight: 400;\" aria-level=\"1\"><span style=\"font-weight: 400;\">Ajusta la silicona alrededor de las piernas.<\/span><\/li>\n<li style=\"font-weight: 400;\" aria-level=\"1\"><span style=\"font-weight: 400;\">Sube la faja hasta los gl\u00fateos y acom\u00f3dala.<\/span><\/li>\n<li style=\"font-weight: 400;\" aria-level=\"1\"><span style=\"font-weight: 400;\">Coloca las tiras y abrocha seg\u00fan el nivel de compresi\u00f3n que desees.<\/span><\/li>\n<li style=\"font-weight: 400;\" aria-level=\"1\"><span style=\"font-weight: 400;\">Aseg\u00farate de que la faja est\u00e9 bien ajustada.<\/span><\/li>\n<\/ol>","protected":false},"excerpt":{"rendered":"<p>Referencia: 11215 Detalles del Producto Faja Postquir\u00fargica de Alta Compresi\u00f3n con Brasier y Estilo Media Pierna. Ideal para recuperaci\u00f3n, cicatrizaci\u00f3n y postparto, moldea la cintura, gl\u00fateos y busto. Su abrochadura de 3 niveles asegura un ajuste perfecto y proporciona soporte para una postura mejorada. El refuerzo abdominal y el cubrimiento de la espalda garantizan una [&hellip;]<\/p>","protected":false},"featured_media":4363,"comment_status":"open","ping_status":"closed","template":"","meta":{"_acf_changed":false},"product_brand":[],"product_cat":[18],"product_tag":[],"class_list":{"0":"post-4350","1":"product","2":"type-product","3":"status-publish","4":"has-post-thumbnail","6":"product_cat-fajas-colombianas-de-la-marca-fajate","7":"pa_talla-s","8":"pa_talla-m","9":"pa_talla-l","10":"pa_talla-xl","11":"pa_talla-2xl","12":"pa_talla-3xl","14":"first","15":"instock","16":"shipping-taxable","17":"purchasable","18":"product-type-variable"},"acf":[],"_links":{"self":[{"href":"https:\/\/chuzkashop.com\/en\/wp-json\/wp\/v2\/product\/4350","targetHints":{"allow":["GET"]}}],"collection":[{"href":"https:\/\/chuzkashop.com\/en\/wp-json\/wp\/v2\/product"}],"about":[{"href":"https:\/\/chuzkashop.com\/en\/wp-json\/wp\/v2\/types\/product"}],"replies":[{"embeddable":true,"href":"https:\/\/chuzkashop.com\/en\/wp-json\/wp\/v2\/comments?post=4350"}],"wp:featuredmedia":[{"embeddable":true,"href":"https:\/\/chuzkashop.com\/en\/wp-json\/wp\/v2\/media\/4363"}],"wp:attachment":[{"href":"https:\/\/chuzkashop.com\/en\/wp-json\/wp\/v2\/media?parent=4350"}],"wp:term":[{"taxonomy":"product_brand","embeddable":true,"href":"https:\/\/chuzkashop.com\/en\/wp-json\/wp\/v2\/product_brand?post=4350"},{"taxonomy":"product_cat","embeddable":true,"href":"https:\/\/chuzkashop.com\/en\/wp-json\/wp\/v2\/product_cat?post=4350"},{"taxonomy":"product_tag","embeddable":true,"href":"https:\/\/chuzkashop.com\/en\/wp-json\/wp\/v2\/product_tag?post=4350"}],"curies":[{"name":"wp","href":"https:\/\/api.w.org\/{rel}","templated":true}]}}